{"id":6116,"date":"2020-04-18T08:39:29","date_gmt":"2020-04-18T06:39:29","guid":{"rendered":"https:\/\/www.quinoaetbasmati.fr\/?page_id=6116"},"modified":"2024-02-12T16:26:11","modified_gmt":"2024-02-12T15:26:11","slug":"ebooks","status":"publish","type":"page","link":"https:\/\/www.quinoaetbasmati.fr\/index.php\/ebooks\/","title":{"rendered":"Ebooks"},"content":{"rendered":"<p><span style=\"font-size: 12pt; font-family: 'times new roman', times, serif;\"><a href=\"https:\/\/www.quinoaetbasmati.fr\/index.php\/produit\/pack-de-ebooks-sains-et-gourmands\/\"><img fetchpriority=\"high\" decoding=\"async\" class=\"size-medium wp-image-6906 alignleft\" src=\"https:\/\/www.quinoaetbasmati.fr\/wp-content\/uploads\/2020\/07\/pack-int\u00e9gral-300x240.jpg\" alt=\"ebooks de recettes saines\" width=\"300\" height=\"240\" srcset=\"https:\/\/www.quinoaetbasmati.fr\/wp-content\/uploads\/2020\/07\/pack-int\u00e9gral-300x240.jpg 300w, https:\/\/www.quinoaetbasmati.fr\/wp-content\/uploads\/2020\/07\/pack-int\u00e9gral-600x480.jpg 600w, https:\/\/www.quinoaetbasmati.fr\/wp-content\/uploads\/2020\/07\/pack-int\u00e9gral-1024x819.jpg 1024w, https:\/\/www.quinoaetbasmati.fr\/wp-content\/uploads\/2020\/07\/pack-int\u00e9gral-768x614.jpg 768w, https:\/\/www.quinoaetbasmati.fr\/wp-content\/uploads\/2020\/07\/pack-int\u00e9gral-1536x1229.jpg 1536w, https:\/\/www.quinoaetbasmati.fr\/wp-content\/uploads\/2020\/07\/pack-int\u00e9gral.jpg 2000w\" sizes=\"(max-width: 300px) 100vw, 300px\" \/>Pack int\u00e9gral eBooks sains et gourmands<\/a><\/span><strong><span style=\"font-size: 12pt; font-family: 'times new roman', times, serif;\"> 43,9\u20ac<\/span><\/strong><\/p>\n<ul>\n<li><span style=\"font-size: 12pt; font-family: 'times new roman', times, serif;\">Mon alimentation d\u00e9cal\u00e9e<\/span><\/li>\n<li><span style=\"font-size: 12pt; font-family: 'times new roman', times, serif;\">Pas si tarte!<\/span><\/li>\n<li><span style=\"font-size: 12pt; font-family: 'times new roman', times, serif;\">Carnet de Cookies<\/span><\/li>\n<li><span style=\"font-size: 12pt; font-family: 'times new roman', times, serif;\">Et que \u00e7a saute!\u00a0<\/span><\/li>\n<li><span style=\"font-size: 12pt; font-family: 'times new roman', times, serif;\">A emporter!<\/span><\/li>\n<li><span style=\"font-size: 12pt; font-family: 'times new roman', times, serif;\">Let&rsquo;s brunch!<\/span><\/li>\n<\/ul>\n<p>&nbsp;<\/p>\n<p><img decoding=\"async\" class=\"size-medium wp-image-6898 alignleft\" src=\"https:\/\/www.quinoaetbasmati.fr\/wp-content\/uploads\/2020\/08\/1-212x300.jpg\" alt=\"ebook de recettes de brunch sans gluten sans lait\" width=\"212\" height=\"300\" srcset=\"https:\/\/www.quinoaetbasmati.fr\/wp-content\/uploads\/2020\/08\/1-212x300.jpg 212w, https:\/\/www.quinoaetbasmati.fr\/wp-content\/uploads\/2020\/08\/1-600x849.jpg 600w, https:\/\/www.quinoaetbasmati.fr\/wp-content\/uploads\/2020\/08\/1-724x1024.jpg 724w, https:\/\/www.quinoaetbasmati.fr\/wp-content\/uploads\/2020\/08\/1-768x1086.jpg 768w, https:\/\/www.quinoaetbasmati.fr\/wp-content\/uploads\/2020\/08\/1-1086x1536.jpg 1086w, https:\/\/www.quinoaetbasmati.fr\/wp-content\/uploads\/2020\/08\/1-1448x2048.jpg 1448w, https:\/\/www.quinoaetbasmati.fr\/wp-content\/uploads\/2020\/08\/1-300x424.jpg 300w, https:\/\/www.quinoaetbasmati.fr\/wp-content\/uploads\/2020\/08\/1.jpg 1587w\" sizes=\"(max-width: 212px) 100vw, 212px\" \/><\/p>\n<p><span style=\"font-size: 12pt; font-family: 'times new roman', times, serif;\"><a href=\"https:\/\/www.quinoaetbasmati.fr\/index.php\/produit\/lets-brunch\/\">Let&rsquo;s brunch!<\/a> <strong>8\u20ac<\/strong><\/span><\/p>\n<p>&nbsp;<\/p>\n<p><span style=\"font-size: 12pt; font-family: 'times new roman', times, serif;\">Le b.a-ba d&rsquo;un brunch de r\u00eave et 24 recettes in\u00e9dites sal\u00e9es et sucr\u00e9es + boissons.<\/span><\/p>\n<table style=\"border-collapse: collapse; width: 100%;\">\n<tbody>\n<tr>\n<td style=\"width: 100%;\"><img decoding=\"async\" class=\"size-medium wp-image-6486 alignleft\" src=\"https:\/\/www.quinoaetbasmati.fr\/wp-content\/uploads\/2020\/06\/1-192x300.png\" alt=\"ebook lunchboxes et pique nique\" width=\"192\" height=\"300\" srcset=\"https:\/\/www.quinoaetbasmati.fr\/wp-content\/uploads\/2020\/06\/1-192x300.png 192w, https:\/\/www.quinoaetbasmati.fr\/wp-content\/uploads\/2020\/06\/1-350x547.png 350w, https:\/\/www.quinoaetbasmati.fr\/wp-content\/uploads\/2020\/06\/1-300x469.png 300w, https:\/\/www.quinoaetbasmati.fr\/wp-content\/uploads\/2020\/06\/1.png 512w\" sizes=\"(max-width: 192px) 100vw, 192px\" \/><\/p>\n<p>&nbsp;<\/p>\n<p><span style=\"font-size: 12pt; font-family: 'times new roman', times, serif;\"><a href=\"https:\/\/www.quinoaetbasmati.fr\/index.php\/produit\/a-emporter\/\">\u201c<span style=\"font-family: 'times new roman', times, serif;\">A emporter! Lunchboxes et pique-niques.\u201d<\/span><\/a>\u00a0<strong>8\u20ac<\/strong><\/span><\/p>\n<p><span style=\"font-family: 'times new roman', times, serif; font-size: 12pt;\">24 recettes in\u00e9dites, sal\u00e9es et sucr\u00e9es, pour des pique niques sains et gourmands.<\/span><\/p>\n<p><span style=\"font-family: 'times new roman', times, serif; font-size: 12pt;\">sans gluten, sans lait<\/span><\/td>\n<\/tr>\n<\/tbody>\n<\/table>\n<p>&nbsp;<\/p>\n<table style=\"border-collapse: collapse; width: 0%;\">\n<tbody>\n<tr>\n<td style=\"width: 33.3333%;\"><span style=\"font-size: 12pt;\"><a href=\"https:\/\/www.quinoaetbasmati.fr\/index.php\/produit\/mon-alimentation-decalee\/\"><img loading=\"lazy\" decoding=\"async\" class=\"aligncenter size-medium wp-image-4059\" src=\"https:\/\/www.quinoaetbasmati.fr\/wp-content\/uploads\/2018\/12\/Mon-alimentation-d\u00e9cal\u00e9e-7-188x300.jpg\" alt=\"\" width=\"188\" height=\"300\" srcset=\"https:\/\/www.quinoaetbasmati.fr\/wp-content\/uploads\/2018\/12\/Mon-alimentation-d\u00e9cal\u00e9e-7-188x300.jpg 188w, https:\/\/www.quinoaetbasmati.fr\/wp-content\/uploads\/2018\/12\/Mon-alimentation-d\u00e9cal\u00e9e-7-600x957.jpg 600w, https:\/\/www.quinoaetbasmati.fr\/wp-content\/uploads\/2018\/12\/Mon-alimentation-d\u00e9cal\u00e9e-7-768x1226.jpg 768w, https:\/\/www.quinoaetbasmati.fr\/wp-content\/uploads\/2018\/12\/Mon-alimentation-d\u00e9cal\u00e9e-7-642x1024.jpg 642w, https:\/\/www.quinoaetbasmati.fr\/wp-content\/uploads\/2018\/12\/Mon-alimentation-d\u00e9cal\u00e9e-7-300x479.jpg 300w, https:\/\/www.quinoaetbasmati.fr\/wp-content\/uploads\/2018\/12\/Mon-alimentation-d\u00e9cal\u00e9e-7.jpg 1410w\" sizes=\"(max-width: 188px) 100vw, 188px\" \/><span style=\"font-family: 'times new roman', times, serif;\">Mon alimentation d\u00e9cal\u00e9e<\/span><\/a><\/span><\/p>\n<p><span style=\"font-size: 12pt; font-family: 'times new roman', times, serif;\">Petit guide pour une transition alimentaire en douceur. <strong>12\u20ac<\/strong><\/span><\/td>\n<td style=\"width: 33.3333%;\"><span style=\"font-size: 12pt; font-family: 'times new roman', times, serif;\"><a href=\"https:\/\/www.quinoaetbasmati.fr\/index.php\/produit\/pas-si-tarte\/\"><img loading=\"lazy\" decoding=\"async\" class=\"aligncenter size-medium wp-image-5259\" src=\"https:\/\/www.quinoaetbasmati.fr\/wp-content\/uploads\/2019\/10\/1-192x300.jpg\" alt=\"ebook recettes de tartes sans gluten sans lait\" width=\"192\" height=\"300\" srcset=\"https:\/\/www.quinoaetbasmati.fr\/wp-content\/uploads\/2019\/10\/1-192x300.jpg 192w, https:\/\/www.quinoaetbasmati.fr\/wp-content\/uploads\/2019\/10\/1-350x547.jpg 350w, https:\/\/www.quinoaetbasmati.fr\/wp-content\/uploads\/2019\/10\/1-300x469.jpg 300w, https:\/\/www.quinoaetbasmati.fr\/wp-content\/uploads\/2019\/10\/1.jpg 512w\" sizes=\"(max-width: 192px) 100vw, 192px\" \/>Pas si tarte!\u00a0<\/a><\/span><\/p>\n<p><span style=\"font-size: 12pt; font-family: 'times new roman', times, serif;\">R\u00e9ussir ses tartes sans gluten et sans lait <strong>6\u20ac90<\/strong><\/span><\/td>\n<td style=\"width: 33.3333%;\"><span style=\"font-size: 12pt; font-family: 'times new roman', times, serif;\"><a href=\"https:\/\/www.quinoaetbasmati.fr\/index.php\/produit\/carnet-de-cookies\/\"><img loading=\"lazy\" decoding=\"async\" class=\"aligncenter size-medium wp-image-6037\" src=\"https:\/\/www.quinoaetbasmati.fr\/wp-content\/uploads\/2020\/04\/1-192x300.png\" alt=\"carnet de cookies sans gluten sans lait\" width=\"192\" height=\"300\" srcset=\"https:\/\/www.quinoaetbasmati.fr\/wp-content\/uploads\/2020\/04\/1-192x300.png 192w, https:\/\/www.quinoaetbasmati.fr\/wp-content\/uploads\/2020\/04\/1-350x547.png 350w, https:\/\/www.quinoaetbasmati.fr\/wp-content\/uploads\/2020\/04\/1-300x469.png 300w, https:\/\/www.quinoaetbasmati.fr\/wp-content\/uploads\/2020\/04\/1.png 512w\" sizes=\"(max-width: 192px) 100vw, 192px\" \/>Carnet de Cookies<\/a><\/span><\/p>\n<p><span style=\"font-size: 12pt; font-family: 'times new roman', times, serif;\">20 recettes de cookies sans gluten et sans lait <strong>4\u20ac50<\/strong><\/span><\/td>\n<\/tr>\n<tr>\n<td style=\"width: 33.3333%;\">\n<p style=\"text-align: center;\"><span style=\"font-size: 12pt; font-family: 'times new roman', times, serif;\"><a href=\"https:\/\/www.quinoaetbasmati.fr\/index.php\/produit\/et-que-ca-saute\/\"><img loading=\"lazy\" decoding=\"async\" class=\"aligncenter size-medium wp-image-5903\" src=\"https:\/\/www.quinoaetbasmati.fr\/wp-content\/uploads\/2020\/03\/couverture-192x300.png\" alt=\"ebook de recettes de cr\u00eapes pancakes sans gluten sans lait\" width=\"192\" height=\"300\" srcset=\"https:\/\/www.quinoaetbasmati.fr\/wp-content\/uploads\/2020\/03\/couverture-192x300.png 192w, https:\/\/www.quinoaetbasmati.fr\/wp-content\/uploads\/2020\/03\/couverture-350x547.png 350w, https:\/\/www.quinoaetbasmati.fr\/wp-content\/uploads\/2020\/03\/couverture-300x469.png 300w, https:\/\/www.quinoaetbasmati.fr\/wp-content\/uploads\/2020\/03\/couverture.png 512w\" sizes=\"(max-width: 192px) 100vw, 192px\" \/>Et que \u00e7a saute!<\/a><\/span><\/p>\n<p><span style=\"font-size: 12pt; font-family: 'times new roman', times, serif;\">Cr\u00eapes, pancakes et tartinades sans gluten et sans lait <strong>4\u20ac50<\/strong><\/span><\/td>\n<td style=\"width: 33.3333%;\"><a href=\"https:\/\/www.quinoaetbasmati.fr\/index.php\/produit\/pack-et-que-ca-saute-et-carnet-de-cookies\/\"><br \/>\n<img loading=\"lazy\" decoding=\"async\" class=\"aligncenter size-medium wp-image-6099\" src=\"https:\/\/www.quinoaetbasmati.fr\/wp-content\/uploads\/2020\/04\/pack-212x300.jpg\" alt=\"\" width=\"212\" height=\"300\" srcset=\"https:\/\/www.quinoaetbasmati.fr\/wp-content\/uploads\/2020\/04\/pack-212x300.jpg 212w, https:\/\/www.quinoaetbasmati.fr\/wp-content\/uploads\/2020\/04\/pack-600x849.jpg 600w, https:\/\/www.quinoaetbasmati.fr\/wp-content\/uploads\/2020\/04\/pack-724x1024.jpg 724w, https:\/\/www.quinoaetbasmati.fr\/wp-content\/uploads\/2020\/04\/pack-768x1086.jpg 768w, https:\/\/www.quinoaetbasmati.fr\/wp-content\/uploads\/2020\/04\/pack-1086x1536.jpg 1086w, https:\/\/www.quinoaetbasmati.fr\/wp-content\/uploads\/2020\/04\/pack-1448x2048.jpg 1448w, https:\/\/www.quinoaetbasmati.fr\/wp-content\/uploads\/2020\/04\/pack-300x424.jpg 300w, https:\/\/www.quinoaetbasmati.fr\/wp-content\/uploads\/2020\/04\/pack.jpg 1587w\" sizes=\"(max-width: 212px) 100vw, 212px\" \/>Pack \u00ab\u00a0Et que \u00e7a saute!\u00a0\u00bb et \u00ab\u00a0Carnet de Cookies\u00a0\u00bb<\/a> <strong>6\u20ac<\/strong><\/td>\n<td style=\"width: 33.3333%;\"><a href=\"https:\/\/www.quinoaetbasmati.fr\/index.php\/produit\/pack-ebooks-mon-alimentation-decalee-pas-si-tartes\/\"><img loading=\"lazy\" decoding=\"async\" class=\"aligncenter size-medium wp-image-5267\" src=\"https:\/\/www.quinoaetbasmati.fr\/wp-content\/uploads\/2019\/10\/pack-188x300.png\" alt=\"\" width=\"188\" height=\"300\" srcset=\"https:\/\/www.quinoaetbasmati.fr\/wp-content\/uploads\/2019\/10\/pack-188x300.png 188w, https:\/\/www.quinoaetbasmati.fr\/wp-content\/uploads\/2019\/10\/pack-600x957.png 600w, https:\/\/www.quinoaetbasmati.fr\/wp-content\/uploads\/2019\/10\/pack-768x1226.png 768w, https:\/\/www.quinoaetbasmati.fr\/wp-content\/uploads\/2019\/10\/pack-642x1024.png 642w, https:\/\/www.quinoaetbasmati.fr\/wp-content\/uploads\/2019\/10\/pack-300x479.png 300w, https:\/\/www.quinoaetbasmati.fr\/wp-content\/uploads\/2019\/10\/pack.png 1410w\" sizes=\"(max-width: 188px) 100vw, 188px\" \/>Pack \u00ab\u00a0Mon alimentation d\u00e9cal\u00e9e\u00a0\u00bb et \u00ab\u00a0Pas si tarte!\u00a0\u00bb <\/a><strong>6\u20ac90<\/strong><\/td>\n<\/tr>\n<\/tbody>\n<\/table>\n<p>&nbsp;<\/p>\n<p style=\"text-align: center;\"><img loading=\"lazy\" decoding=\"async\" class=\"aligncenter wp-image-6122 size-large\" src=\"https:\/\/www.quinoaetbasmati.fr\/wp-content\/uploads\/2020\/04\/mealpreapimage-1024x819.png\" alt=\"menus de la semaine\" width=\"1024\" height=\"819\" srcset=\"https:\/\/www.quinoaetbasmati.fr\/wp-content\/uploads\/2020\/04\/mealpreapimage-1024x819.png 1024w, https:\/\/www.quinoaetbasmati.fr\/wp-content\/uploads\/2020\/04\/mealpreapimage-600x480.png 600w, https:\/\/www.quinoaetbasmati.fr\/wp-content\/uploads\/2020\/04\/mealpreapimage-300x240.png 300w, https:\/\/www.quinoaetbasmati.fr\/wp-content\/uploads\/2020\/04\/mealpreapimage-768x614.png 768w, https:\/\/www.quinoaetbasmati.fr\/wp-content\/uploads\/2020\/04\/mealpreapimage-1536x1229.png 1536w, https:\/\/www.quinoaetbasmati.fr\/wp-content\/uploads\/2020\/04\/mealpreapimage.png 2000w\" sizes=\"(max-width: 1024px) 100vw, 1024px\" \/> <a href=\"https:\/\/www.quinoaetbasmati.fr\/wp-content\/uploads\/2020\/04\/mealplanner.pdf\"><span style=\"font-size: 14pt;\">Planificateur de menus \u00e0 t\u00e9l\u00e9charger gratuitement<\/span><\/a><\/p>\n<p><a href=\"\/\/www.pinterest.com\/pin\/create\/button\/\" data-pin-do=\"buttonBookmark\" data-pin-color=\"red\" data-pin-height=\"128\"><img decoding=\"async\" src=\"\/\/assets.pinterest.com\/images\/pidgets\/pinit_fg_en_rect_red_28.png\" \/><\/a><\/p>","protected":false},"excerpt":{"rendered":"<p>Pack int\u00e9gral eBooks sains et gourmands 43,9\u20ac Mon alimentation d\u00e9cal\u00e9e Pas si tarte! Carnet de Cookies Et que \u00e7a saute!\u00a0 A emporter! Let&rsquo;s brunch! &nbsp; Let&rsquo;s brunch! 8\u20ac &nbsp; Le b.a-ba d&rsquo;un brunch de r\u00eave et 24 recettes in\u00e9dites sal\u00e9es et sucr\u00e9es + boissons. &nbsp; [&hellip;]<\/p>\n","protected":false},"author":1,"featured_media":0,"parent":0,"menu_order":0,"comment_status":"closed","ping_status":"closed","template":"","meta":{"footnotes":""},"class_list":["post-6116","page","type-page","status-publish","hentry"],"yoast_head":"<!-- This site is optimized with the Yoast SEO plugin v24.4 - https:\/\/yoast.com\/wordpress\/plugins\/seo\/ -->\n<title>Ebooks - Quinoa et Basmati<\/title>\n<meta name=\"description\" content=\"ebooks de recettes de cuisine saine sans gluten et sans lait\" \/>\n<meta name=\"robots\" content=\"index, follow, max-snippet:-1, max-image-preview:large, max-video-preview:-1\" \/>\n<link rel=\"canonical\" href=\"https:\/\/www.quinoaetbasmati.fr\/index.php\/ebooks\/\" \/>\n<meta property=\"og:locale\" content=\"fr_FR\" \/>\n<meta property=\"og:type\" content=\"article\" \/>\n<meta property=\"og:title\" content=\"Ebooks - Quinoa et Basmati\" \/>\n<meta property=\"og:description\" content=\"ebooks de recettes de cuisine saine sans gluten et sans lait\" \/>\n<meta property=\"og:url\" content=\"https:\/\/www.quinoaetbasmati.fr\/index.php\/ebooks\/\" \/>\n<meta property=\"og:site_name\" content=\"Quinoa et Basmati\" \/>\n<meta property=\"article:modified_time\" content=\"2024-02-12T15:26:11+00:00\" \/>\n<meta property=\"og:image\" content=\"https:\/\/www.quinoaetbasmati.fr\/wp-content\/uploads\/2020\/08\/1-212x300.jpg\" \/>\n<meta name=\"twitter:card\" content=\"summary_large_image\" \/>\n<meta name=\"twitter:label1\" content=\"Dur\u00e9e de lecture estim\u00e9e\" \/>\n\t<meta name=\"twitter:data1\" content=\"3 minutes\" \/>\n<script type=\"application\/ld+json\" class=\"yoast-schema-graph\">{\"@context\":\"https:\/\/schema.org\",\"@graph\":[{\"@type\":\"WebPage\",\"@id\":\"https:\/\/www.quinoaetbasmati.fr\/index.php\/ebooks\/\",\"url\":\"https:\/\/www.quinoaetbasmati.fr\/index.php\/ebooks\/\",\"name\":\"Ebooks - Quinoa et Basmati\",\"isPartOf\":{\"@id\":\"https:\/\/www.quinoaetbasmati.fr\/#website\"},\"primaryImageOfPage\":{\"@id\":\"https:\/\/www.quinoaetbasmati.fr\/index.php\/ebooks\/#primaryimage\"},\"image\":{\"@id\":\"https:\/\/www.quinoaetbasmati.fr\/index.php\/ebooks\/#primaryimage\"},\"thumbnailUrl\":\"https:\/\/www.quinoaetbasmati.fr\/wp-content\/uploads\/2020\/08\/1-212x300.jpg\",\"datePublished\":\"2020-04-18T06:39:29+00:00\",\"dateModified\":\"2024-02-12T15:26:11+00:00\",\"description\":\"ebooks de recettes de cuisine saine sans gluten et sans lait\",\"breadcrumb\":{\"@id\":\"https:\/\/www.quinoaetbasmati.fr\/index.php\/ebooks\/#breadcrumb\"},\"inLanguage\":\"fr-FR\",\"potentialAction\":[{\"@type\":\"ReadAction\",\"target\":[\"https:\/\/www.quinoaetbasmati.fr\/index.php\/ebooks\/\"]}]},{\"@type\":\"ImageObject\",\"inLanguage\":\"fr-FR\",\"@id\":\"https:\/\/www.quinoaetbasmati.fr\/index.php\/ebooks\/#primaryimage\",\"url\":\"https:\/\/www.quinoaetbasmati.fr\/wp-content\/uploads\/2020\/08\/1.jpg\",\"contentUrl\":\"https:\/\/www.quinoaetbasmati.fr\/wp-content\/uploads\/2020\/08\/1.jpg\",\"width\":1587,\"height\":2245,\"caption\":\"ebook de recettes de brunch sans gluten sans lait\"},{\"@type\":\"BreadcrumbList\",\"@id\":\"https:\/\/www.quinoaetbasmati.fr\/index.php\/ebooks\/#breadcrumb\",\"itemListElement\":[{\"@type\":\"ListItem\",\"position\":1,\"name\":\"Accueil\",\"item\":\"https:\/\/www.quinoaetbasmati.fr\/\"},{\"@type\":\"ListItem\",\"position\":2,\"name\":\"Ebooks\"}]},{\"@type\":\"WebSite\",\"@id\":\"https:\/\/www.quinoaetbasmati.fr\/#website\",\"url\":\"https:\/\/www.quinoaetbasmati.fr\/\",\"name\":\"Quinoa et Basmati\",\"description\":\"Tambouilles saines et gourmandes\",\"publisher\":{\"@id\":\"https:\/\/www.quinoaetbasmati.fr\/#organization\"},\"potentialAction\":[{\"@type\":\"SearchAction\",\"target\":{\"@type\":\"EntryPoint\",\"urlTemplate\":\"https:\/\/www.quinoaetbasmati.fr\/?s={search_term_string}\"},\"query-input\":{\"@type\":\"PropertyValueSpecification\",\"valueRequired\":true,\"valueName\":\"search_term_string\"}}],\"inLanguage\":\"fr-FR\"},{\"@type\":\"Organization\",\"@id\":\"https:\/\/www.quinoaetbasmati.fr\/#organization\",\"name\":\"Quinoa et Basmati\",\"url\":\"https:\/\/www.quinoaetbasmati.fr\/\",\"logo\":{\"@type\":\"ImageObject\",\"inLanguage\":\"fr-FR\",\"@id\":\"https:\/\/www.quinoaetbasmati.fr\/#\/schema\/logo\/image\/\",\"url\":\"https:\/\/www.quinoaetbasmati.fr\/wp-content\/uploads\/2018\/01\/cropped-27604279_10156154691158069_1209813160_o-4.jpg\",\"contentUrl\":\"https:\/\/www.quinoaetbasmati.fr\/wp-content\/uploads\/2018\/01\/cropped-27604279_10156154691158069_1209813160_o-4.jpg\",\"width\":455,\"height\":175,\"caption\":\"Quinoa et Basmati\"},\"image\":{\"@id\":\"https:\/\/www.quinoaetbasmati.fr\/#\/schema\/logo\/image\/\"}}]}<\/script>\n<!-- \/ Yoast SEO plugin. -->","yoast_head_json":{"title":"Ebooks - Quinoa et Basmati","description":"ebooks de recettes de cuisine saine sans gluten et sans lait","robots":{"index":"index","follow":"follow","max-snippet":"max-snippet:-1","max-image-preview":"max-image-preview:large","max-video-preview":"max-video-preview:-1"},"canonical":"https:\/\/www.quinoaetbasmati.fr\/index.php\/ebooks\/","og_locale":"fr_FR","og_type":"article","og_title":"Ebooks - Quinoa et Basmati","og_description":"ebooks de recettes de cuisine saine sans gluten et sans lait","og_url":"https:\/\/www.quinoaetbasmati.fr\/index.php\/ebooks\/","og_site_name":"Quinoa et Basmati","article_modified_time":"2024-02-12T15:26:11+00:00","og_image":[{"url":"https:\/\/www.quinoaetbasmati.fr\/wp-content\/uploads\/2020\/08\/1-212x300.jpg","type":"","width":"","height":""}],"twitter_card":"summary_large_image","twitter_misc":{"Dur\u00e9e de lecture estim\u00e9e":"3 minutes"},"schema":{"@context":"https:\/\/schema.org","@graph":[{"@type":"WebPage","@id":"https:\/\/www.quinoaetbasmati.fr\/index.php\/ebooks\/","url":"https:\/\/www.quinoaetbasmati.fr\/index.php\/ebooks\/","name":"Ebooks - Quinoa et Basmati","isPartOf":{"@id":"https:\/\/www.quinoaetbasmati.fr\/#website"},"primaryImageOfPage":{"@id":"https:\/\/www.quinoaetbasmati.fr\/index.php\/ebooks\/#primaryimage"},"image":{"@id":"https:\/\/www.quinoaetbasmati.fr\/index.php\/ebooks\/#primaryimage"},"thumbnailUrl":"https:\/\/www.quinoaetbasmati.fr\/wp-content\/uploads\/2020\/08\/1-212x300.jpg","datePublished":"2020-04-18T06:39:29+00:00","dateModified":"2024-02-12T15:26:11+00:00","description":"ebooks de recettes de cuisine saine sans gluten et sans lait","breadcrumb":{"@id":"https:\/\/www.quinoaetbasmati.fr\/index.php\/ebooks\/#breadcrumb"},"inLanguage":"fr-FR","potentialAction":[{"@type":"ReadAction","target":["https:\/\/www.quinoaetbasmati.fr\/index.php\/ebooks\/"]}]},{"@type":"ImageObject","inLanguage":"fr-FR","@id":"https:\/\/www.quinoaetbasmati.fr\/index.php\/ebooks\/#primaryimage","url":"https:\/\/www.quinoaetbasmati.fr\/wp-content\/uploads\/2020\/08\/1.jpg","contentUrl":"https:\/\/www.quinoaetbasmati.fr\/wp-content\/uploads\/2020\/08\/1.jpg","width":1587,"height":2245,"caption":"ebook de recettes de brunch sans gluten sans lait"},{"@type":"BreadcrumbList","@id":"https:\/\/www.quinoaetbasmati.fr\/index.php\/ebooks\/#breadcrumb","itemListElement":[{"@type":"ListItem","position":1,"name":"Accueil","item":"https:\/\/www.quinoaetbasmati.fr\/"},{"@type":"ListItem","position":2,"name":"Ebooks"}]},{"@type":"WebSite","@id":"https:\/\/www.quinoaetbasmati.fr\/#website","url":"https:\/\/www.quinoaetbasmati.fr\/","name":"Quinoa et Basmati","description":"Tambouilles saines et gourmandes","publisher":{"@id":"https:\/\/www.quinoaetbasmati.fr\/#organization"},"potentialAction":[{"@type":"SearchAction","target":{"@type":"EntryPoint","urlTemplate":"https:\/\/www.quinoaetbasmati.fr\/?s={search_term_string}"},"query-input":{"@type":"PropertyValueSpecification","valueRequired":true,"valueName":"search_term_string"}}],"inLanguage":"fr-FR"},{"@type":"Organization","@id":"https:\/\/www.quinoaetbasmati.fr\/#organization","name":"Quinoa et Basmati","url":"https:\/\/www.quinoaetbasmati.fr\/","logo":{"@type":"ImageObject","inLanguage":"fr-FR","@id":"https:\/\/www.quinoaetbasmati.fr\/#\/schema\/logo\/image\/","url":"https:\/\/www.quinoaetbasmati.fr\/wp-content\/uploads\/2018\/01\/cropped-27604279_10156154691158069_1209813160_o-4.jpg","contentUrl":"https:\/\/www.quinoaetbasmati.fr\/wp-content\/uploads\/2018\/01\/cropped-27604279_10156154691158069_1209813160_o-4.jpg","width":455,"height":175,"caption":"Quinoa et Basmati"},"image":{"@id":"https:\/\/www.quinoaetbasmati.fr\/#\/schema\/logo\/image\/"}}]}},"_links":{"self":[{"href":"https:\/\/www.quinoaetbasmati.fr\/index.php\/wp-json\/wp\/v2\/pages\/6116","targetHints":{"allow":["GET"]}}],"collection":[{"href":"https:\/\/www.quinoaetbasmati.fr\/index.php\/wp-json\/wp\/v2\/pages"}],"about":[{"href":"https:\/\/www.quinoaetbasmati.fr\/index.php\/wp-json\/wp\/v2\/types\/page"}],"author":[{"embeddable":true,"href":"https:\/\/www.quinoaetbasmati.fr\/index.php\/wp-json\/wp\/v2\/users\/1"}],"replies":[{"embeddable":true,"href":"https:\/\/www.quinoaetbasmati.fr\/index.php\/wp-json\/wp\/v2\/comments?post=6116"}],"version-history":[{"count":10,"href":"https:\/\/www.quinoaetbasmati.fr\/index.php\/wp-json\/wp\/v2\/pages\/6116\/revisions"}],"predecessor-version":[{"id":9381,"href":"https:\/\/www.quinoaetbasmati.fr\/index.php\/wp-json\/wp\/v2\/pages\/6116\/revisions\/9381"}],"wp:attachment":[{"href":"https:\/\/www.quinoaetbasmati.fr\/index.php\/wp-json\/wp\/v2\/media?parent=6116"}],"curies":[{"name":"wp","href":"https:\/\/api.w.org\/{rel}","templated":true}]}}