{"id":8159,"date":"2021-03-02T09:31:17","date_gmt":"2021-03-02T08:31:17","guid":{"rendered":"https:\/\/www.quinoaetbasmati.fr\/?page_id=8159"},"modified":"2021-04-04T09:12:45","modified_gmt":"2021-04-04T07:12:45","slug":"fiches-recettes","status":"publish","type":"page","link":"https:\/\/www.quinoaetbasmati.fr\/index.php\/fiches-recettes\/","title":{"rendered":"Fiches recettes"},"content":{"rendered":"\t\t<div data-elementor-type=\"wp-page\" data-elementor-id=\"8159\" class=\"elementor elementor-8159\">\n\t\t\t\t\t\t<section class=\"elementor-section elementor-top-section elementor-element elementor-element-6905e3d8 elementor-section-boxed elementor-section-height-default elementor-section-height-default\" data-id=\"6905e3d8\" data-element_type=\"section\">\n\t\t\t\t\t\t<div class=\"elementor-container elementor-column-gap-default\">\n\t\t\t\t\t<div class=\"elementor-column elementor-col-100 elementor-top-column elementor-element elementor-element-8965ee1\" data-id=\"8965ee1\" data-element_type=\"column\">\n\t\t\t<div class=\"elementor-widget-wrap elementor-element-populated\">\n\t\t\t\t\t\t<div class=\"elementor-element elementor-element-1147097 elementor-widget elementor-widget-image\" data-id=\"1147097\" data-element_type=\"widget\" data-widget_type=\"image.default\">\n\t\t\t\t<div class=\"elementor-widget-container\">\n\t\t\t\t\t\t\t\t\t\t\t\t\t\t\t<img fetchpriority=\"high\" decoding=\"async\" width=\"1024\" height=\"819\" src=\"https:\/\/www.quinoaetbasmati.fr\/wp-content\/uploads\/2021\/03\/visuel-fiches-recettes-1024x819.jpg\" class=\"attachment-large size-large wp-image-8167\" alt=\"\" srcset=\"https:\/\/www.quinoaetbasmati.fr\/wp-content\/uploads\/2021\/03\/visuel-fiches-recettes-1024x819.jpg 1024w, https:\/\/www.quinoaetbasmati.fr\/wp-content\/uploads\/2021\/03\/visuel-fiches-recettes-600x480.jpg 600w, https:\/\/www.quinoaetbasmati.fr\/wp-content\/uploads\/2021\/03\/visuel-fiches-recettes-300x240.jpg 300w, https:\/\/www.quinoaetbasmati.fr\/wp-content\/uploads\/2021\/03\/visuel-fiches-recettes-768x614.jpg 768w, https:\/\/www.quinoaetbasmati.fr\/wp-content\/uploads\/2021\/03\/visuel-fiches-recettes-1536x1229.jpg 1536w, https:\/\/www.quinoaetbasmati.fr\/wp-content\/uploads\/2021\/03\/visuel-fiches-recettes.jpg 2000w\" sizes=\"(max-width: 1024px) 100vw, 1024px\" \/>\t\t\t\t\t\t\t\t\t\t\t\t\t\t\t<\/div>\n\t\t\t\t<\/div>\n\t\t\t\t<div class=\"elementor-element elementor-element-924bd2f elementor-widget elementor-widget-text-editor\" data-id=\"924bd2f\" data-element_type=\"widget\" data-widget_type=\"text-editor.default\">\n\t\t\t\t<div class=\"elementor-widget-container\">\n\t\t\t\t\t\t\t\t\t<p><span style=\"font-size: 14pt; font-family: 'times new roman', times, serif;\">Envie de pr\u00e9parer les tambouilles faites en atelier? <\/span><\/p><p><span style=\"font-size: 14pt; font-family: 'times new roman', times, serif;\">Les fiches recettes n&rsquo;attendent que vous!<\/span><\/p><p><span style=\"font-size: 14pt; font-family: 'times new roman', times, serif;\">Elles sont au format PDF, \u00e0 imprimer ou \u00e0 consulter sur tablette\/t\u00e9l\u00e9phone.<\/span><\/p><p><em><span style=\"font-size: 14pt; font-family: 'times new roman', times, serif;\">Tarif: 1\u20ac la fiche<\/span><\/em><\/p>\t\t\t\t\t\t\t\t<\/div>\n\t\t\t\t<\/div>\n\t\t\t\t\t<\/div>\n\t\t<\/div>\n\t\t\t\t\t<\/div>\n\t\t<\/section>\n\t\t\t\t<section class=\"elementor-section elementor-top-section elementor-element elementor-element-148760c elementor-section-boxed elementor-section-height-default elementor-section-height-default\" data-id=\"148760c\" data-element_type=\"section\">\n\t\t\t\t\t\t<div class=\"elementor-container elementor-column-gap-default\">\n\t\t\t\t\t<div class=\"elementor-column elementor-col-100 elementor-top-column elementor-element elementor-element-63a6fae\" data-id=\"63a6fae\" data-element_type=\"column\">\n\t\t\t<div class=\"elementor-widget-wrap elementor-element-populated\">\n\t\t\t\t\t\t<div class=\"elementor-element elementor-element-3d56446 elementor-align-center elementor-widget elementor-widget-button\" data-id=\"3d56446\" data-element_type=\"widget\" data-widget_type=\"button.default\">\n\t\t\t\t<div class=\"elementor-widget-container\">\n\t\t\t\t\t\t\t\t\t<div class=\"elementor-button-wrapper\">\n\t\t\t\t\t<a class=\"elementor-button elementor-button-link elementor-size-sm\" href=\"https:\/\/www.quinoaetbasmati.fr\/index.php\/produit\/pack-20-fiches-recettes\/\">\n\t\t\t\t\t\t<span class=\"elementor-button-content-wrapper\">\n\t\t\t\t\t\t\t\t\t<span class=\"elementor-button-text\">PACK 20 FICHES RECETTES (16\u20ac)<\/span>\n\t\t\t\t\t<\/span>\n\t\t\t\t\t<\/a>\n\t\t\t\t<\/div>\n\t\t\t\t\t\t\t\t<\/div>\n\t\t\t\t<\/div>\n\t\t\t\t<div class=\"elementor-element elementor-element-0d1bfef elementor-align-center elementor-widget elementor-widget-button\" data-id=\"0d1bfef\" data-element_type=\"widget\" data-widget_type=\"button.default\">\n\t\t\t\t<div class=\"elementor-widget-container\">\n\t\t\t\t\t\t\t\t\t<div class=\"elementor-button-wrapper\">\n\t\t\t\t\t<a class=\"elementor-button elementor-button-link elementor-size-sm\" href=\"https:\/\/www.quinoaetbasmati.fr\/index.php\/produit\/fiche-recette-atelier-tarte-salee\/\">\n\t\t\t\t\t\t<span class=\"elementor-button-content-wrapper\">\n\t\t\t\t\t\t\t\t\t<span class=\"elementor-button-text\">Fiche recette atelier tarte sal\u00e9e<\/span>\n\t\t\t\t\t<\/span>\n\t\t\t\t\t<\/a>\n\t\t\t\t<\/div>\n\t\t\t\t\t\t\t\t<\/div>\n\t\t\t\t<\/div>\n\t\t\t\t<div class=\"elementor-element elementor-element-e3c7a09 elementor-align-center elementor-widget elementor-widget-button\" data-id=\"e3c7a09\" data-element_type=\"widget\" data-widget_type=\"button.default\">\n\t\t\t\t<div class=\"elementor-widget-container\">\n\t\t\t\t\t\t\t\t\t<div class=\"elementor-button-wrapper\">\n\t\t\t\t\t<a class=\"elementor-button elementor-button-link elementor-size-sm\" href=\"https:\/\/www.quinoaetbasmati.fr\/index.php\/produit\/fiches-recettes-atelier-gouter-chocolate\/\">\n\t\t\t\t\t\t<span class=\"elementor-button-content-wrapper\">\n\t\t\t\t\t\t\t\t\t<span class=\"elementor-button-text\">Fiche recette atelier go\u00fbter chocolat\u00e9<\/span>\n\t\t\t\t\t<\/span>\n\t\t\t\t\t<\/a>\n\t\t\t\t<\/div>\n\t\t\t\t\t\t\t\t<\/div>\n\t\t\t\t<\/div>\n\t\t\t\t<div class=\"elementor-element elementor-element-268f64d elementor-align-center elementor-widget elementor-widget-button\" data-id=\"268f64d\" data-element_type=\"widget\" data-widget_type=\"button.default\">\n\t\t\t\t<div class=\"elementor-widget-container\">\n\t\t\t\t\t\t\t\t\t<div class=\"elementor-button-wrapper\">\n\t\t\t\t\t<a class=\"elementor-button elementor-button-link elementor-size-sm\" href=\"https:\/\/www.quinoaetbasmati.fr\/index.php\/produit\/fiches-recettes-atelier-tofu\/\">\n\t\t\t\t\t\t<span class=\"elementor-button-content-wrapper\">\n\t\t\t\t\t\t\t\t\t<span class=\"elementor-button-text\">Fiches recettes et fiche pratique atelier tofu<\/span>\n\t\t\t\t\t<\/span>\n\t\t\t\t\t<\/a>\n\t\t\t\t<\/div>\n\t\t\t\t\t\t\t\t<\/div>\n\t\t\t\t<\/div>\n\t\t\t\t<div class=\"elementor-element elementor-element-d461b31 elementor-align-center elementor-widget elementor-widget-button\" data-id=\"d461b31\" data-element_type=\"widget\" data-widget_type=\"button.default\">\n\t\t\t\t<div class=\"elementor-widget-container\">\n\t\t\t\t\t\t\t\t\t<div class=\"elementor-button-wrapper\">\n\t\t\t\t\t<a class=\"elementor-button elementor-button-link elementor-size-sm\" href=\"https:\/\/www.quinoaetbasmati.fr\/index.php\/produit\/fiches-recettes-atelier-cookies\/\">\n\t\t\t\t\t\t<span class=\"elementor-button-content-wrapper\">\n\t\t\t\t\t\t\t\t\t<span class=\"elementor-button-text\">Fiches recettes atelier cookies<\/span>\n\t\t\t\t\t<\/span>\n\t\t\t\t\t<\/a>\n\t\t\t\t<\/div>\n\t\t\t\t\t\t\t\t<\/div>\n\t\t\t\t<\/div>\n\t\t\t\t<div class=\"elementor-element elementor-element-0e23e2f elementor-align-center elementor-widget elementor-widget-button\" data-id=\"0e23e2f\" data-element_type=\"widget\" data-widget_type=\"button.default\">\n\t\t\t\t<div class=\"elementor-widget-container\">\n\t\t\t\t\t\t\t\t\t<div class=\"elementor-button-wrapper\">\n\t\t\t\t\t<a class=\"elementor-button elementor-button-link elementor-size-sm\" href=\"https:\/\/www.quinoaetbasmati.fr\/index.php\/produit\/fiches-recettes-atelier-crepes\/\">\n\t\t\t\t\t\t<span class=\"elementor-button-content-wrapper\">\n\t\t\t\t\t\t\t\t\t<span class=\"elementor-button-text\">Fiches recettes atelier cr\u00eapes<\/span>\n\t\t\t\t\t<\/span>\n\t\t\t\t\t<\/a>\n\t\t\t\t<\/div>\n\t\t\t\t\t\t\t\t<\/div>\n\t\t\t\t<\/div>\n\t\t\t\t<div class=\"elementor-element elementor-element-e0cc18b elementor-align-center elementor-widget elementor-widget-button\" data-id=\"e0cc18b\" data-element_type=\"widget\" data-widget_type=\"button.default\">\n\t\t\t\t<div class=\"elementor-widget-container\">\n\t\t\t\t\t\t\t\t\t<div class=\"elementor-button-wrapper\">\n\t\t\t\t\t<a class=\"elementor-button elementor-button-link elementor-size-sm\" href=\"https:\/\/www.quinoaetbasmati.fr\/index.php\/produit\/fiches-recettes-atelier-gouter-de-noel\/\">\n\t\t\t\t\t\t<span class=\"elementor-button-content-wrapper\">\n\t\t\t\t\t\t\t\t\t<span class=\"elementor-button-text\">Fiches recettes atelier de No\u00ebl<\/span>\n\t\t\t\t\t<\/span>\n\t\t\t\t\t<\/a>\n\t\t\t\t<\/div>\n\t\t\t\t\t\t\t\t<\/div>\n\t\t\t\t<\/div>\n\t\t\t\t<div class=\"elementor-element elementor-element-4c1637a elementor-align-center elementor-widget elementor-widget-button\" data-id=\"4c1637a\" data-element_type=\"widget\" data-widget_type=\"button.default\">\n\t\t\t\t<div class=\"elementor-widget-container\">\n\t\t\t\t\t\t\t\t\t<div class=\"elementor-button-wrapper\">\n\t\t\t\t\t<a class=\"elementor-button elementor-button-link elementor-size-sm\" href=\"https:\/\/www.quinoaetbasmati.fr\/index.php\/produit\/fiches-recettes-epiphanie\/\">\n\t\t\t\t\t\t<span class=\"elementor-button-content-wrapper\">\n\t\t\t\t\t\t\t\t\t<span class=\"elementor-button-text\">Fiches recettes atelier \u00e9piphanie<\/span>\n\t\t\t\t\t<\/span>\n\t\t\t\t\t<\/a>\n\t\t\t\t<\/div>\n\t\t\t\t\t\t\t\t<\/div>\n\t\t\t\t<\/div>\n\t\t\t\t<div class=\"elementor-element elementor-element-bd69adc elementor-align-center elementor-widget elementor-widget-button\" data-id=\"bd69adc\" data-element_type=\"widget\" data-widget_type=\"button.default\">\n\t\t\t\t<div class=\"elementor-widget-container\">\n\t\t\t\t\t\t\t\t\t<div class=\"elementor-button-wrapper\">\n\t\t\t\t\t<a class=\"elementor-button elementor-button-link elementor-size-sm\" href=\"https:\/\/www.quinoaetbasmati.fr\/index.php\/produit\/fiche-recette-pain-a-la-vapeur-douce\/\">\n\t\t\t\t\t\t<span class=\"elementor-button-content-wrapper\">\n\t\t\t\t\t\t\t\t\t<span class=\"elementor-button-text\">Fiche recette atelier pain \u00e0 la vapeur douce<\/span>\n\t\t\t\t\t<\/span>\n\t\t\t\t\t<\/a>\n\t\t\t\t<\/div>\n\t\t\t\t\t\t\t\t<\/div>\n\t\t\t\t<\/div>\n\t\t\t\t<div class=\"elementor-element elementor-element-1148fe7 elementor-align-center elementor-widget elementor-widget-button\" data-id=\"1148fe7\" data-element_type=\"widget\" data-widget_type=\"button.default\">\n\t\t\t\t<div class=\"elementor-widget-container\">\n\t\t\t\t\t\t\t\t\t<div class=\"elementor-button-wrapper\">\n\t\t\t\t\t<a class=\"elementor-button elementor-button-link elementor-size-sm\" href=\"https:\/\/www.quinoaetbasmati.fr\/index.php\/produit\/fiches-recettes-et-idees-atelier-petit-dejeuner\/\">\n\t\t\t\t\t\t<span class=\"elementor-button-content-wrapper\">\n\t\t\t\t\t\t\t\t\t<span class=\"elementor-button-text\">Fiche recette et fiche id\u00e9es atelier petit d\u00e9jeuner<\/span>\n\t\t\t\t\t<\/span>\n\t\t\t\t\t<\/a>\n\t\t\t\t<\/div>\n\t\t\t\t\t\t\t\t<\/div>\n\t\t\t\t<\/div>\n\t\t\t\t<div class=\"elementor-element elementor-element-a646911 elementor-align-center elementor-widget elementor-widget-button\" data-id=\"a646911\" data-element_type=\"widget\" data-widget_type=\"button.default\">\n\t\t\t\t<div class=\"elementor-widget-container\">\n\t\t\t\t\t\t\t\t\t<div class=\"elementor-button-wrapper\">\n\t\t\t\t\t<a class=\"elementor-button elementor-button-link elementor-size-sm\" href=\"https:\/\/www.quinoaetbasmati.fr\/index.php\/produit\/fiches-recettes-atelier-gouter-des-enfants-et-des-grands\/\">\n\t\t\t\t\t\t<span class=\"elementor-button-content-wrapper\">\n\t\t\t\t\t\t\t\t\t<span class=\"elementor-button-text\">Fiche recette atelier go\u00fbter des enfants (et des grands!)<\/span>\n\t\t\t\t\t<\/span>\n\t\t\t\t\t<\/a>\n\t\t\t\t<\/div>\n\t\t\t\t\t\t\t\t<\/div>\n\t\t\t\t<\/div>\n\t\t\t\t<div class=\"elementor-element elementor-element-662524d elementor-align-center elementor-widget elementor-widget-button\" data-id=\"662524d\" data-element_type=\"widget\" data-widget_type=\"button.default\">\n\t\t\t\t<div class=\"elementor-widget-container\">\n\t\t\t\t\t\t\t\t\t<div class=\"elementor-button-wrapper\">\n\t\t\t\t\t<a class=\"elementor-button elementor-button-link elementor-size-sm\" href=\"https:\/\/www.quinoaetbasmati.fr\/index.php\/produit\/fiches-recettes-atelier-patate-douce\/\">\n\t\t\t\t\t\t<span class=\"elementor-button-content-wrapper\">\n\t\t\t\t\t\t\t\t\t<span class=\"elementor-button-text\">Fiches recettes atelier patate douce<\/span>\n\t\t\t\t\t<\/span>\n\t\t\t\t\t<\/a>\n\t\t\t\t<\/div>\n\t\t\t\t\t\t\t\t<\/div>\n\t\t\t\t<\/div>\n\t\t\t\t<div class=\"elementor-element elementor-element-89e6ad6 elementor-align-center elementor-widget elementor-widget-button\" data-id=\"89e6ad6\" data-element_type=\"widget\" data-widget_type=\"button.default\">\n\t\t\t\t<div class=\"elementor-widget-container\">\n\t\t\t\t\t\t\t\t\t<div class=\"elementor-button-wrapper\">\n\t\t\t\t\t<a class=\"elementor-button elementor-button-link elementor-size-sm\" href=\"https:\/\/www.quinoaetbasmati.fr\/index.php\/produit\/fiches-recettes-atelier-diner-vegetal\/\">\n\t\t\t\t\t\t<span class=\"elementor-button-content-wrapper\">\n\t\t\t\t\t\t\t\t\t<span class=\"elementor-button-text\">Fiches recettes atelier d\u00eener veg\u00e9tal<\/span>\n\t\t\t\t\t<\/span>\n\t\t\t\t\t<\/a>\n\t\t\t\t<\/div>\n\t\t\t\t\t\t\t\t<\/div>\n\t\t\t\t<\/div>\n\t\t\t\t<div class=\"elementor-element elementor-element-2ef1070 elementor-align-center elementor-widget elementor-widget-button\" data-id=\"2ef1070\" data-element_type=\"widget\" data-widget_type=\"button.default\">\n\t\t\t\t<div class=\"elementor-widget-container\">\n\t\t\t\t\t\t\t\t\t<div class=\"elementor-button-wrapper\">\n\t\t\t\t\t<a class=\"elementor-button elementor-button-link elementor-size-sm\" href=\"https:\/\/www.quinoaetbasmati.fr\/index.php\/produit\/fiches-recettes-atelier-gouter-gourmand\/\">\n\t\t\t\t\t\t<span class=\"elementor-button-content-wrapper\">\n\t\t\t\t\t\t\t\t\t<span class=\"elementor-button-text\">Fiches recettes atelier go\u00fbter gourmand<\/span>\n\t\t\t\t\t<\/span>\n\t\t\t\t\t<\/a>\n\t\t\t\t<\/div>\n\t\t\t\t\t\t\t\t<\/div>\n\t\t\t\t<\/div>\n\t\t\t\t\t<\/div>\n\t\t<\/div>\n\t\t\t\t\t<\/div>\n\t\t<\/section>\n\t\t\t\t<\/div>\n\t\t<p><a href=\"\/\/www.pinterest.com\/pin\/create\/button\/\" data-pin-do=\"buttonBookmark\" data-pin-color=\"red\" data-pin-height=\"128\"><img decoding=\"async\" src=\"\/\/assets.pinterest.com\/images\/pidgets\/pinit_fg_en_rect_red_28.png\" \/><\/a><\/p>","protected":false},"excerpt":{"rendered":"<p>Envie de pr\u00e9parer les tambouilles faites en atelier? Les fiches recettes n&rsquo;attendent que vous! Elles sont au format PDF, \u00e0 imprimer ou \u00e0 consulter sur tablette\/t\u00e9l\u00e9phone. Tarif: 1\u20ac la fiche PACK 20 FICHES RECETTES (16\u20ac) Fiche recette atelier tarte sal\u00e9e Fiche recette atelier go\u00fbter chocolat\u00e9 [&hellip;]<\/p>\n","protected":false},"author":1,"featured_media":0,"parent":0,"menu_order":0,"comment_status":"closed","ping_status":"closed","template":"","meta":{"footnotes":""},"class_list":["post-8159","page","type-page","status-publish","hentry"],"yoast_head":"<!-- This site is optimized with the Yoast SEO plugin v24.4 - https:\/\/yoast.com\/wordpress\/plugins\/seo\/ -->\n<title>Fiches recettes - Quinoa et Basmati<\/title>\n<meta name=\"robots\" content=\"index, follow, max-snippet:-1, max-image-preview:large, max-video-preview:-1\" \/>\n<link rel=\"canonical\" href=\"https:\/\/www.quinoaetbasmati.fr\/index.php\/fiches-recettes\/\" \/>\n<meta property=\"og:locale\" content=\"fr_FR\" \/>\n<meta property=\"og:type\" content=\"article\" \/>\n<meta property=\"og:title\" content=\"Fiches recettes - Quinoa et Basmati\" \/>\n<meta property=\"og:description\" content=\"Envie de pr\u00e9parer les tambouilles faites en atelier? Les fiches recettes n&rsquo;attendent que vous! Elles sont au format PDF, \u00e0 imprimer ou \u00e0 consulter sur tablette\/t\u00e9l\u00e9phone. Tarif: 1\u20ac la fiche PACK 20 FICHES RECETTES (16\u20ac) Fiche recette atelier tarte sal\u00e9e Fiche recette atelier go\u00fbter chocolat\u00e9 [&hellip;]\" \/>\n<meta property=\"og:url\" content=\"https:\/\/www.quinoaetbasmati.fr\/index.php\/fiches-recettes\/\" \/>\n<meta property=\"og:site_name\" content=\"Quinoa et Basmati\" \/>\n<meta property=\"article:modified_time\" content=\"2021-04-04T07:12:45+00:00\" \/>\n<meta property=\"og:image\" content=\"https:\/\/www.quinoaetbasmati.fr\/wp-content\/uploads\/2021\/03\/visuel-fiches-recettes-1024x819.jpg\" \/>\n<meta name=\"twitter:card\" content=\"summary_large_image\" \/>\n<meta name=\"twitter:label1\" content=\"Dur\u00e9e de lecture estim\u00e9e\" \/>\n\t<meta name=\"twitter:data1\" content=\"1 minute\" \/>\n<script type=\"application\/ld+json\" class=\"yoast-schema-graph\">{\"@context\":\"https:\/\/schema.org\",\"@graph\":[{\"@type\":\"WebPage\",\"@id\":\"https:\/\/www.quinoaetbasmati.fr\/index.php\/fiches-recettes\/\",\"url\":\"https:\/\/www.quinoaetbasmati.fr\/index.php\/fiches-recettes\/\",\"name\":\"Fiches recettes - Quinoa et Basmati\",\"isPartOf\":{\"@id\":\"https:\/\/www.quinoaetbasmati.fr\/#website\"},\"primaryImageOfPage\":{\"@id\":\"https:\/\/www.quinoaetbasmati.fr\/index.php\/fiches-recettes\/#primaryimage\"},\"image\":{\"@id\":\"https:\/\/www.quinoaetbasmati.fr\/index.php\/fiches-recettes\/#primaryimage\"},\"thumbnailUrl\":\"https:\/\/www.quinoaetbasmati.fr\/wp-content\/uploads\/2021\/03\/visuel-fiches-recettes-1024x819.jpg\",\"datePublished\":\"2021-03-02T08:31:17+00:00\",\"dateModified\":\"2021-04-04T07:12:45+00:00\",\"breadcrumb\":{\"@id\":\"https:\/\/www.quinoaetbasmati.fr\/index.php\/fiches-recettes\/#breadcrumb\"},\"inLanguage\":\"fr-FR\",\"potentialAction\":[{\"@type\":\"ReadAction\",\"target\":[\"https:\/\/www.quinoaetbasmati.fr\/index.php\/fiches-recettes\/\"]}]},{\"@type\":\"ImageObject\",\"inLanguage\":\"fr-FR\",\"@id\":\"https:\/\/www.quinoaetbasmati.fr\/index.php\/fiches-recettes\/#primaryimage\",\"url\":\"https:\/\/www.quinoaetbasmati.fr\/wp-content\/uploads\/2021\/03\/visuel-fiches-recettes.jpg\",\"contentUrl\":\"https:\/\/www.quinoaetbasmati.fr\/wp-content\/uploads\/2021\/03\/visuel-fiches-recettes.jpg\",\"width\":2000,\"height\":1600},{\"@type\":\"BreadcrumbList\",\"@id\":\"https:\/\/www.quinoaetbasmati.fr\/index.php\/fiches-recettes\/#breadcrumb\",\"itemListElement\":[{\"@type\":\"ListItem\",\"position\":1,\"name\":\"Accueil\",\"item\":\"https:\/\/www.quinoaetbasmati.fr\/\"},{\"@type\":\"ListItem\",\"position\":2,\"name\":\"Fiches recettes\"}]},{\"@type\":\"WebSite\",\"@id\":\"https:\/\/www.quinoaetbasmati.fr\/#website\",\"url\":\"https:\/\/www.quinoaetbasmati.fr\/\",\"name\":\"Quinoa et Basmati\",\"description\":\"Tambouilles saines et gourmandes\",\"publisher\":{\"@id\":\"https:\/\/www.quinoaetbasmati.fr\/#organization\"},\"potentialAction\":[{\"@type\":\"SearchAction\",\"target\":{\"@type\":\"EntryPoint\",\"urlTemplate\":\"https:\/\/www.quinoaetbasmati.fr\/?s={search_term_string}\"},\"query-input\":{\"@type\":\"PropertyValueSpecification\",\"valueRequired\":true,\"valueName\":\"search_term_string\"}}],\"inLanguage\":\"fr-FR\"},{\"@type\":\"Organization\",\"@id\":\"https:\/\/www.quinoaetbasmati.fr\/#organization\",\"name\":\"Quinoa et Basmati\",\"url\":\"https:\/\/www.quinoaetbasmati.fr\/\",\"logo\":{\"@type\":\"ImageObject\",\"inLanguage\":\"fr-FR\",\"@id\":\"https:\/\/www.quinoaetbasmati.fr\/#\/schema\/logo\/image\/\",\"url\":\"https:\/\/www.quinoaetbasmati.fr\/wp-content\/uploads\/2018\/01\/cropped-27604279_10156154691158069_1209813160_o-4.jpg\",\"contentUrl\":\"https:\/\/www.quinoaetbasmati.fr\/wp-content\/uploads\/2018\/01\/cropped-27604279_10156154691158069_1209813160_o-4.jpg\",\"width\":455,\"height\":175,\"caption\":\"Quinoa et Basmati\"},\"image\":{\"@id\":\"https:\/\/www.quinoaetbasmati.fr\/#\/schema\/logo\/image\/\"}}]}<\/script>\n<!-- \/ Yoast SEO plugin. -->","yoast_head_json":{"title":"Fiches recettes - Quinoa et Basmati","robots":{"index":"index","follow":"follow","max-snippet":"max-snippet:-1","max-image-preview":"max-image-preview:large","max-video-preview":"max-video-preview:-1"},"canonical":"https:\/\/www.quinoaetbasmati.fr\/index.php\/fiches-recettes\/","og_locale":"fr_FR","og_type":"article","og_title":"Fiches recettes - Quinoa et Basmati","og_description":"Envie de pr\u00e9parer les tambouilles faites en atelier? Les fiches recettes n&rsquo;attendent que vous! Elles sont au format PDF, \u00e0 imprimer ou \u00e0 consulter sur tablette\/t\u00e9l\u00e9phone. Tarif: 1\u20ac la fiche PACK 20 FICHES RECETTES (16\u20ac) Fiche recette atelier tarte sal\u00e9e Fiche recette atelier go\u00fbter chocolat\u00e9 [&hellip;]","og_url":"https:\/\/www.quinoaetbasmati.fr\/index.php\/fiches-recettes\/","og_site_name":"Quinoa et Basmati","article_modified_time":"2021-04-04T07:12:45+00:00","og_image":[{"url":"https:\/\/www.quinoaetbasmati.fr\/wp-content\/uploads\/2021\/03\/visuel-fiches-recettes-1024x819.jpg","type":"","width":"","height":""}],"twitter_card":"summary_large_image","twitter_misc":{"Dur\u00e9e de lecture estim\u00e9e":"1 minute"},"schema":{"@context":"https:\/\/schema.org","@graph":[{"@type":"WebPage","@id":"https:\/\/www.quinoaetbasmati.fr\/index.php\/fiches-recettes\/","url":"https:\/\/www.quinoaetbasmati.fr\/index.php\/fiches-recettes\/","name":"Fiches recettes - Quinoa et Basmati","isPartOf":{"@id":"https:\/\/www.quinoaetbasmati.fr\/#website"},"primaryImageOfPage":{"@id":"https:\/\/www.quinoaetbasmati.fr\/index.php\/fiches-recettes\/#primaryimage"},"image":{"@id":"https:\/\/www.quinoaetbasmati.fr\/index.php\/fiches-recettes\/#primaryimage"},"thumbnailUrl":"https:\/\/www.quinoaetbasmati.fr\/wp-content\/uploads\/2021\/03\/visuel-fiches-recettes-1024x819.jpg","datePublished":"2021-03-02T08:31:17+00:00","dateModified":"2021-04-04T07:12:45+00:00","breadcrumb":{"@id":"https:\/\/www.quinoaetbasmati.fr\/index.php\/fiches-recettes\/#breadcrumb"},"inLanguage":"fr-FR","potentialAction":[{"@type":"ReadAction","target":["https:\/\/www.quinoaetbasmati.fr\/index.php\/fiches-recettes\/"]}]},{"@type":"ImageObject","inLanguage":"fr-FR","@id":"https:\/\/www.quinoaetbasmati.fr\/index.php\/fiches-recettes\/#primaryimage","url":"https:\/\/www.quinoaetbasmati.fr\/wp-content\/uploads\/2021\/03\/visuel-fiches-recettes.jpg","contentUrl":"https:\/\/www.quinoaetbasmati.fr\/wp-content\/uploads\/2021\/03\/visuel-fiches-recettes.jpg","width":2000,"height":1600},{"@type":"BreadcrumbList","@id":"https:\/\/www.quinoaetbasmati.fr\/index.php\/fiches-recettes\/#breadcrumb","itemListElement":[{"@type":"ListItem","position":1,"name":"Accueil","item":"https:\/\/www.quinoaetbasmati.fr\/"},{"@type":"ListItem","position":2,"name":"Fiches recettes"}]},{"@type":"WebSite","@id":"https:\/\/www.quinoaetbasmati.fr\/#website","url":"https:\/\/www.quinoaetbasmati.fr\/","name":"Quinoa et Basmati","description":"Tambouilles saines et gourmandes","publisher":{"@id":"https:\/\/www.quinoaetbasmati.fr\/#organization"},"potentialAction":[{"@type":"SearchAction","target":{"@type":"EntryPoint","urlTemplate":"https:\/\/www.quinoaetbasmati.fr\/?s={search_term_string}"},"query-input":{"@type":"PropertyValueSpecification","valueRequired":true,"valueName":"search_term_string"}}],"inLanguage":"fr-FR"},{"@type":"Organization","@id":"https:\/\/www.quinoaetbasmati.fr\/#organization","name":"Quinoa et Basmati","url":"https:\/\/www.quinoaetbasmati.fr\/","logo":{"@type":"ImageObject","inLanguage":"fr-FR","@id":"https:\/\/www.quinoaetbasmati.fr\/#\/schema\/logo\/image\/","url":"https:\/\/www.quinoaetbasmati.fr\/wp-content\/uploads\/2018\/01\/cropped-27604279_10156154691158069_1209813160_o-4.jpg","contentUrl":"https:\/\/www.quinoaetbasmati.fr\/wp-content\/uploads\/2018\/01\/cropped-27604279_10156154691158069_1209813160_o-4.jpg","width":455,"height":175,"caption":"Quinoa et Basmati"},"image":{"@id":"https:\/\/www.quinoaetbasmati.fr\/#\/schema\/logo\/image\/"}}]}},"_links":{"self":[{"href":"https:\/\/www.quinoaetbasmati.fr\/index.php\/wp-json\/wp\/v2\/pages\/8159","targetHints":{"allow":["GET"]}}],"collection":[{"href":"https:\/\/www.quinoaetbasmati.fr\/index.php\/wp-json\/wp\/v2\/pages"}],"about":[{"href":"https:\/\/www.quinoaetbasmati.fr\/index.php\/wp-json\/wp\/v2\/types\/page"}],"author":[{"embeddable":true,"href":"https:\/\/www.quinoaetbasmati.fr\/index.php\/wp-json\/wp\/v2\/users\/1"}],"replies":[{"embeddable":true,"href":"https:\/\/www.quinoaetbasmati.fr\/index.php\/wp-json\/wp\/v2\/comments?post=8159"}],"version-history":[{"count":24,"href":"https:\/\/www.quinoaetbasmati.fr\/index.php\/wp-json\/wp\/v2\/pages\/8159\/revisions"}],"predecessor-version":[{"id":8326,"href":"https:\/\/www.quinoaetbasmati.fr\/index.php\/wp-json\/wp\/v2\/pages\/8159\/revisions\/8326"}],"wp:attachment":[{"href":"https:\/\/www.quinoaetbasmati.fr\/index.php\/wp-json\/wp\/v2\/media?parent=8159"}],"curies":[{"name":"wp","href":"https:\/\/api.w.org\/{rel}","templated":true}]}}