{"id":960,"date":"2017-12-20T22:46:39","date_gmt":"2017-12-20T21:46:39","guid":{"rendered":"https:\/\/www.quinoaetbasmati.fr\/?page_id=960"},"modified":"2020-12-16T07:13:20","modified_gmt":"2020-12-16T06:13:20","slug":"pannacotta-a-la-puree-damande","status":"publish","type":"page","link":"https:\/\/www.quinoaetbasmati.fr\/index.php\/pannacotta-a-la-puree-damande\/","title":{"rendered":"Pannacotta \u00e0 la pur\u00e9e d&rsquo;amande"},"content":{"rendered":"<p>&nbsp;<\/p>\n<p><img fetchpriority=\"high\" decoding=\"async\" class=\"aligncenter wp-image-942\" src=\"https:\/\/www.quinoaetbasmati.fr\/wp-content\/uploads\/2017\/12\/panacotta-300x203.jpg\" alt=\"Recette de pannacotta \u00e0 la pur\u00e9e d'amande sans lait sans gluten\" width=\"563\" height=\"381\" srcset=\"https:\/\/www.quinoaetbasmati.fr\/wp-content\/uploads\/2017\/12\/panacotta-scaled-300x203.jpg 300w, https:\/\/www.quinoaetbasmati.fr\/wp-content\/uploads\/2017\/12\/panacotta-scaled-600x407.jpg 600w, https:\/\/www.quinoaetbasmati.fr\/wp-content\/uploads\/2017\/12\/panacotta-768x521.jpg 768w, https:\/\/www.quinoaetbasmati.fr\/wp-content\/uploads\/2017\/12\/panacotta-1024x694.jpg 1024w\" sizes=\"(max-width: 563px) 100vw, 563px\" \/><\/p>\n<p style=\"text-align: center;\"><span style=\"font-size: 12pt; font-family: 'times new roman', times, serif;\"><em>Inspir\u00e9e de la recette de <a href=\"http:\/\/auvertaveclili.fr\/\">auvertaveclili<\/a><\/em><\/span><\/p>\n<p>&nbsp;<\/p>\n<p style=\"text-align: center;\"><span style=\"font-size: 12pt; font-family: 'times new roman', times, serif;\"><strong>Ingr\u00e9dients<\/strong><\/span><\/p>\n<p>&nbsp;<\/p>\n<ul>\n<li><span style=\"font-size: 12pt; font-family: 'times new roman', times, serif;\">200 ml de cr\u00e8me de soja<\/span><\/li>\n<li><span style=\"font-size: 12pt; font-family: 'times new roman', times, serif;\">2 cuill\u00e8res \u00e0 soupe de pur\u00e9e d&rsquo;amande<\/span><\/li>\n<li><span style=\"font-size: 12pt; font-family: 'times new roman', times, serif;\">2 cuill\u00e8res \u00e0 soupe de sucre complet<\/span><\/li>\n<li><span style=\"font-size: 12pt; font-family: 'times new roman', times, serif;\">1 cuill\u00e8re \u00e0 soupe d&rsquo;arrow-root<\/span><\/li>\n<li><span style=\"font-size: 12pt; font-family: 'times new roman', times, serif;\">1 cuill\u00e8re \u00e0 caf\u00e9 d&rsquo;agar-agar<\/span><\/li>\n<li><span style=\"font-size: 12pt; font-family: 'times new roman', times, serif;\">des amandes effil\u00e9es<\/span><\/li>\n<\/ul>\n<p>&nbsp;<\/p>\n<p style=\"text-align: center;\"><span style=\"font-size: 12pt; font-family: 'times new roman', times, serif;\"><strong>Tambouille<\/strong><\/span><\/p>\n<p>&nbsp;<\/p>\n<p><span style=\"font-size: 12pt; font-family: 'times new roman', times, serif;\"><strong>Versez<\/strong> tous les aliments dans une casserole<\/span><\/p>\n<p><span style=\"font-size: 12pt; font-family: 'times new roman', times, serif;\"><b>Portez\u00a0<\/b>\u00e0 \u00e9bullition en m\u00e9langeant au fouet<\/span><\/p>\n<p><span style=\"font-size: 12pt; font-family: 'times new roman', times, serif;\"><strong>Maintenez<\/strong> l&rsquo;\u00e9bullition une \u00e0 deux minutes et coupez le feu<\/span><\/p>\n<p><span style=\"font-size: 12pt; font-family: 'times new roman', times, serif;\"><strong>Versez<\/strong> dans vos ramequins, parsemez d&rsquo;amandes effil\u00e9es<\/span><\/p>\n<p><span style=\"font-size: 12pt; font-family: 'times new roman', times, serif;\"><strong>R\u00e9servez<\/strong> au frais (l&rsquo;id\u00e9al \u00e9tant de les pr\u00e9parer la veille)<\/span><\/p>\n<p>&nbsp;<\/p>\n<p style=\"text-align: center;\"><span style=\"font-size: 12pt; font-family: 'times new roman', times, serif;\"><strong>D\u00e9gustez<\/strong>!<\/span><\/p>\n<p>&nbsp;<\/p>\n<p><a href=\"\/\/www.pinterest.com\/pin\/create\/button\/\" data-pin-do=\"buttonBookmark\" data-pin-color=\"red\" data-pin-height=\"128\"><img decoding=\"async\" src=\"\/\/assets.pinterest.com\/images\/pidgets\/pinit_fg_en_rect_red_28.png\" \/><\/a><\/p>","protected":false},"excerpt":{"rendered":"<p>&nbsp; Inspir\u00e9e de la recette de auvertaveclili &nbsp; Ingr\u00e9dients &nbsp; 200 ml de cr\u00e8me de soja 2 cuill\u00e8res \u00e0 soupe de pur\u00e9e d&rsquo;amande 2 cuill\u00e8res \u00e0 soupe de sucre complet 1 cuill\u00e8re \u00e0 soupe d&rsquo;arrow-root 1 cuill\u00e8re \u00e0 caf\u00e9 d&rsquo;agar-agar des amandes effil\u00e9es &nbsp; Tambouille [&hellip;]<\/p>\n","protected":false},"author":1,"featured_media":0,"parent":0,"menu_order":0,"comment_status":"closed","ping_status":"closed","template":"","meta":{"footnotes":""},"class_list":["post-960","page","type-page","status-publish","hentry"],"yoast_head":"<!-- This site is optimized with the Yoast SEO plugin v24.4 - https:\/\/yoast.com\/wordpress\/plugins\/seo\/ -->\n<title>Pannacotta \u00e0 la pur\u00e9e d&#039;amande - Quinoa et Basmati<\/title>\n<meta name=\"description\" content=\"Recette de pannacotta \u00e0 la pur\u00e9e d&#039;amande sans lait sans gluten\" \/>\n<meta name=\"robots\" content=\"index, follow, max-snippet:-1, max-image-preview:large, max-video-preview:-1\" \/>\n<link rel=\"canonical\" href=\"https:\/\/www.quinoaetbasmati.fr\/index.php\/pannacotta-a-la-puree-damande\/\" \/>\n<meta property=\"og:locale\" content=\"fr_FR\" \/>\n<meta property=\"og:type\" content=\"article\" \/>\n<meta property=\"og:title\" content=\"Pannacotta \u00e0 la pur\u00e9e d&#039;amande - Quinoa et Basmati\" \/>\n<meta property=\"og:description\" content=\"Recette de pannacotta \u00e0 la pur\u00e9e d&#039;amande sans lait sans gluten\" \/>\n<meta property=\"og:url\" content=\"https:\/\/www.quinoaetbasmati.fr\/index.php\/pannacotta-a-la-puree-damande\/\" \/>\n<meta property=\"og:site_name\" content=\"Quinoa et Basmati\" \/>\n<meta property=\"article:modified_time\" content=\"2020-12-16T06:13:20+00:00\" \/>\n<meta property=\"og:image\" content=\"https:\/\/www.quinoaetbasmati.fr\/wp-content\/uploads\/2017\/12\/panacotta-300x203.jpg\" \/>\n<meta name=\"twitter:card\" content=\"summary_large_image\" \/>\n<script type=\"application\/ld+json\" class=\"yoast-schema-graph\">{\"@context\":\"https:\/\/schema.org\",\"@graph\":[{\"@type\":\"WebPage\",\"@id\":\"https:\/\/www.quinoaetbasmati.fr\/index.php\/pannacotta-a-la-puree-damande\/\",\"url\":\"https:\/\/www.quinoaetbasmati.fr\/index.php\/pannacotta-a-la-puree-damande\/\",\"name\":\"Pannacotta \u00e0 la pur\u00e9e d'amande - Quinoa et Basmati\",\"isPartOf\":{\"@id\":\"https:\/\/www.quinoaetbasmati.fr\/#website\"},\"primaryImageOfPage\":{\"@id\":\"https:\/\/www.quinoaetbasmati.fr\/index.php\/pannacotta-a-la-puree-damande\/#primaryimage\"},\"image\":{\"@id\":\"https:\/\/www.quinoaetbasmati.fr\/index.php\/pannacotta-a-la-puree-damande\/#primaryimage\"},\"thumbnailUrl\":\"https:\/\/www.quinoaetbasmati.fr\/wp-content\/uploads\/2017\/12\/panacotta-300x203.jpg\",\"datePublished\":\"2017-12-20T21:46:39+00:00\",\"dateModified\":\"2020-12-16T06:13:20+00:00\",\"description\":\"Recette de pannacotta \u00e0 la pur\u00e9e d'amande sans lait sans gluten\",\"breadcrumb\":{\"@id\":\"https:\/\/www.quinoaetbasmati.fr\/index.php\/pannacotta-a-la-puree-damande\/#breadcrumb\"},\"inLanguage\":\"fr-FR\",\"potentialAction\":[{\"@type\":\"ReadAction\",\"target\":[\"https:\/\/www.quinoaetbasmati.fr\/index.php\/pannacotta-a-la-puree-damande\/\"]}]},{\"@type\":\"ImageObject\",\"inLanguage\":\"fr-FR\",\"@id\":\"https:\/\/www.quinoaetbasmati.fr\/index.php\/pannacotta-a-la-puree-damande\/#primaryimage\",\"url\":\"https:\/\/www.quinoaetbasmati.fr\/wp-content\/uploads\/2017\/12\/panacotta-300x203.jpg\",\"contentUrl\":\"https:\/\/www.quinoaetbasmati.fr\/wp-content\/uploads\/2017\/12\/panacotta-300x203.jpg\"},{\"@type\":\"BreadcrumbList\",\"@id\":\"https:\/\/www.quinoaetbasmati.fr\/index.php\/pannacotta-a-la-puree-damande\/#breadcrumb\",\"itemListElement\":[{\"@type\":\"ListItem\",\"position\":1,\"name\":\"Accueil\",\"item\":\"https:\/\/www.quinoaetbasmati.fr\/\"},{\"@type\":\"ListItem\",\"position\":2,\"name\":\"Pannacotta \u00e0 la pur\u00e9e d&#8217;amande\"}]},{\"@type\":\"WebSite\",\"@id\":\"https:\/\/www.quinoaetbasmati.fr\/#website\",\"url\":\"https:\/\/www.quinoaetbasmati.fr\/\",\"name\":\"Quinoa et Basmati\",\"description\":\"Tambouilles saines et gourmandes\",\"publisher\":{\"@id\":\"https:\/\/www.quinoaetbasmati.fr\/#organization\"},\"potentialAction\":[{\"@type\":\"SearchAction\",\"target\":{\"@type\":\"EntryPoint\",\"urlTemplate\":\"https:\/\/www.quinoaetbasmati.fr\/?s={search_term_string}\"},\"query-input\":{\"@type\":\"PropertyValueSpecification\",\"valueRequired\":true,\"valueName\":\"search_term_string\"}}],\"inLanguage\":\"fr-FR\"},{\"@type\":\"Organization\",\"@id\":\"https:\/\/www.quinoaetbasmati.fr\/#organization\",\"name\":\"Quinoa et Basmati\",\"url\":\"https:\/\/www.quinoaetbasmati.fr\/\",\"logo\":{\"@type\":\"ImageObject\",\"inLanguage\":\"fr-FR\",\"@id\":\"https:\/\/www.quinoaetbasmati.fr\/#\/schema\/logo\/image\/\",\"url\":\"https:\/\/www.quinoaetbasmati.fr\/wp-content\/uploads\/2018\/01\/cropped-27604279_10156154691158069_1209813160_o-4.jpg\",\"contentUrl\":\"https:\/\/www.quinoaetbasmati.fr\/wp-content\/uploads\/2018\/01\/cropped-27604279_10156154691158069_1209813160_o-4.jpg\",\"width\":455,\"height\":175,\"caption\":\"Quinoa et Basmati\"},\"image\":{\"@id\":\"https:\/\/www.quinoaetbasmati.fr\/#\/schema\/logo\/image\/\"}}]}<\/script>\n<!-- \/ Yoast SEO plugin. -->","yoast_head_json":{"title":"Pannacotta \u00e0 la pur\u00e9e d'amande - Quinoa et Basmati","description":"Recette de pannacotta \u00e0 la pur\u00e9e d'amande sans lait sans gluten","robots":{"index":"index","follow":"follow","max-snippet":"max-snippet:-1","max-image-preview":"max-image-preview:large","max-video-preview":"max-video-preview:-1"},"canonical":"https:\/\/www.quinoaetbasmati.fr\/index.php\/pannacotta-a-la-puree-damande\/","og_locale":"fr_FR","og_type":"article","og_title":"Pannacotta \u00e0 la pur\u00e9e d'amande - Quinoa et Basmati","og_description":"Recette de pannacotta \u00e0 la pur\u00e9e d'amande sans lait sans gluten","og_url":"https:\/\/www.quinoaetbasmati.fr\/index.php\/pannacotta-a-la-puree-damande\/","og_site_name":"Quinoa et Basmati","article_modified_time":"2020-12-16T06:13:20+00:00","og_image":[{"url":"https:\/\/www.quinoaetbasmati.fr\/wp-content\/uploads\/2017\/12\/panacotta-300x203.jpg","type":"","width":"","height":""}],"twitter_card":"summary_large_image","schema":{"@context":"https:\/\/schema.org","@graph":[{"@type":"WebPage","@id":"https:\/\/www.quinoaetbasmati.fr\/index.php\/pannacotta-a-la-puree-damande\/","url":"https:\/\/www.quinoaetbasmati.fr\/index.php\/pannacotta-a-la-puree-damande\/","name":"Pannacotta \u00e0 la pur\u00e9e d'amande - Quinoa et Basmati","isPartOf":{"@id":"https:\/\/www.quinoaetbasmati.fr\/#website"},"primaryImageOfPage":{"@id":"https:\/\/www.quinoaetbasmati.fr\/index.php\/pannacotta-a-la-puree-damande\/#primaryimage"},"image":{"@id":"https:\/\/www.quinoaetbasmati.fr\/index.php\/pannacotta-a-la-puree-damande\/#primaryimage"},"thumbnailUrl":"https:\/\/www.quinoaetbasmati.fr\/wp-content\/uploads\/2017\/12\/panacotta-300x203.jpg","datePublished":"2017-12-20T21:46:39+00:00","dateModified":"2020-12-16T06:13:20+00:00","description":"Recette de pannacotta \u00e0 la pur\u00e9e d'amande sans lait sans gluten","breadcrumb":{"@id":"https:\/\/www.quinoaetbasmati.fr\/index.php\/pannacotta-a-la-puree-damande\/#breadcrumb"},"inLanguage":"fr-FR","potentialAction":[{"@type":"ReadAction","target":["https:\/\/www.quinoaetbasmati.fr\/index.php\/pannacotta-a-la-puree-damande\/"]}]},{"@type":"ImageObject","inLanguage":"fr-FR","@id":"https:\/\/www.quinoaetbasmati.fr\/index.php\/pannacotta-a-la-puree-damande\/#primaryimage","url":"https:\/\/www.quinoaetbasmati.fr\/wp-content\/uploads\/2017\/12\/panacotta-300x203.jpg","contentUrl":"https:\/\/www.quinoaetbasmati.fr\/wp-content\/uploads\/2017\/12\/panacotta-300x203.jpg"},{"@type":"BreadcrumbList","@id":"https:\/\/www.quinoaetbasmati.fr\/index.php\/pannacotta-a-la-puree-damande\/#breadcrumb","itemListElement":[{"@type":"ListItem","position":1,"name":"Accueil","item":"https:\/\/www.quinoaetbasmati.fr\/"},{"@type":"ListItem","position":2,"name":"Pannacotta \u00e0 la pur\u00e9e d&#8217;amande"}]},{"@type":"WebSite","@id":"https:\/\/www.quinoaetbasmati.fr\/#website","url":"https:\/\/www.quinoaetbasmati.fr\/","name":"Quinoa et Basmati","description":"Tambouilles saines et gourmandes","publisher":{"@id":"https:\/\/www.quinoaetbasmati.fr\/#organization"},"potentialAction":[{"@type":"SearchAction","target":{"@type":"EntryPoint","urlTemplate":"https:\/\/www.quinoaetbasmati.fr\/?s={search_term_string}"},"query-input":{"@type":"PropertyValueSpecification","valueRequired":true,"valueName":"search_term_string"}}],"inLanguage":"fr-FR"},{"@type":"Organization","@id":"https:\/\/www.quinoaetbasmati.fr\/#organization","name":"Quinoa et Basmati","url":"https:\/\/www.quinoaetbasmati.fr\/","logo":{"@type":"ImageObject","inLanguage":"fr-FR","@id":"https:\/\/www.quinoaetbasmati.fr\/#\/schema\/logo\/image\/","url":"https:\/\/www.quinoaetbasmati.fr\/wp-content\/uploads\/2018\/01\/cropped-27604279_10156154691158069_1209813160_o-4.jpg","contentUrl":"https:\/\/www.quinoaetbasmati.fr\/wp-content\/uploads\/2018\/01\/cropped-27604279_10156154691158069_1209813160_o-4.jpg","width":455,"height":175,"caption":"Quinoa et Basmati"},"image":{"@id":"https:\/\/www.quinoaetbasmati.fr\/#\/schema\/logo\/image\/"}}]}},"_links":{"self":[{"href":"https:\/\/www.quinoaetbasmati.fr\/index.php\/wp-json\/wp\/v2\/pages\/960","targetHints":{"allow":["GET"]}}],"collection":[{"href":"https:\/\/www.quinoaetbasmati.fr\/index.php\/wp-json\/wp\/v2\/pages"}],"about":[{"href":"https:\/\/www.quinoaetbasmati.fr\/index.php\/wp-json\/wp\/v2\/types\/page"}],"author":[{"embeddable":true,"href":"https:\/\/www.quinoaetbasmati.fr\/index.php\/wp-json\/wp\/v2\/users\/1"}],"replies":[{"embeddable":true,"href":"https:\/\/www.quinoaetbasmati.fr\/index.php\/wp-json\/wp\/v2\/comments?post=960"}],"version-history":[{"count":8,"href":"https:\/\/www.quinoaetbasmati.fr\/index.php\/wp-json\/wp\/v2\/pages\/960\/revisions"}],"predecessor-version":[{"id":7811,"href":"https:\/\/www.quinoaetbasmati.fr\/index.php\/wp-json\/wp\/v2\/pages\/960\/revisions\/7811"}],"wp:attachment":[{"href":"https:\/\/www.quinoaetbasmati.fr\/index.php\/wp-json\/wp\/v2\/media?parent=960"}],"curies":[{"name":"wp","href":"https:\/\/api.w.org\/{rel}","templated":true}]}}