{"id":966,"date":"2017-12-20T22:46:18","date_gmt":"2017-12-20T21:46:18","guid":{"rendered":"https:\/\/www.quinoaetbasmati.fr\/?page_id=966"},"modified":"2019-12-21T13:33:24","modified_gmt":"2019-12-21T12:33:24","slug":"mendiants-croquants-au-chocolat-noir-et-aux-fruits-secs","status":"publish","type":"page","link":"https:\/\/www.quinoaetbasmati.fr\/index.php\/mendiants-croquants-au-chocolat-noir-et-aux-fruits-secs\/","title":{"rendered":"Mendiants croquants au chocolat noir et aux fruits secs"},"content":{"rendered":"<p>&nbsp;<\/p>\n<p style=\"text-align: center;\"><span style=\"font-size: 12pt; font-family: 'times new roman', times, serif;\"><strong><img fetchpriority=\"high\" decoding=\"async\" class=\"aligncenter wp-image-944\" src=\"https:\/\/www.quinoaetbasmati.fr\/wp-content\/uploads\/2017\/12\/mendiants-300x199.jpg\" alt=\"\" width=\"350\" height=\"232\" srcset=\"https:\/\/www.quinoaetbasmati.fr\/wp-content\/uploads\/2017\/12\/mendiants-scaled-300x199.jpg 300w, https:\/\/www.quinoaetbasmati.fr\/wp-content\/uploads\/2017\/12\/mendiants-scaled-600x398.jpg 600w, https:\/\/www.quinoaetbasmati.fr\/wp-content\/uploads\/2017\/12\/mendiants-768x510.jpg 768w, https:\/\/www.quinoaetbasmati.fr\/wp-content\/uploads\/2017\/12\/mendiants-1024x679.jpg 1024w\" sizes=\"(max-width: 350px) 100vw, 350px\" \/><\/strong><\/span><\/p>\n<p>&nbsp;<\/p>\n<p style=\"text-align: center;\"><span style=\"font-size: 12pt; font-family: 'times new roman', times, serif;\"><strong>Ingr\u00e9dients<\/strong><\/span><\/p>\n<ul>\n<li><span style=\"font-size: 12pt; font-family: 'times new roman', times, serif;\">200 gr de chocolat noir \u00e0 70%<\/span><\/li>\n<li><span style=\"font-size: 12pt; font-family: 'times new roman', times, serif;\">des fruits secs de votre choix (amandes, p\u00e9can, cranberrys, raisins secs, oranges confites etc&#8230;)<\/span><\/li>\n<\/ul>\n<p>&nbsp;<\/p>\n<p style=\"text-align: center;\"><span style=\"font-size: 12pt; font-family: 'times new roman', times, serif;\"><strong>Tambouille<\/strong><\/span><\/p>\n<p><span style=\"font-size: 12pt; font-family: 'times new roman', times, serif;\"><strong>Disposez<\/strong> vos emportes pi\u00e8ces sur une plaque recouverte de papier cuisson<\/span><\/p>\n<p><span style=\"font-size: 12pt; font-family: 'times new roman', times, serif;\"><strong>Concassez<\/strong> les fruits secs<\/span><\/p>\n<p><span style=\"font-size: 12pt; font-family: 'times new roman', times, serif;\"><strong>Cassez<\/strong> le chocolat en morceau et faites le fondre \u00e0 feu tr\u00e8s doux au bain marie<\/span><\/p>\n<p><span style=\"font-size: 12pt; font-family: 'times new roman', times, serif;\"><strong>Versez<\/strong> le chocolat fondu dans les emportes pi\u00e8ces (environ 1 mm de hauteur)\u00a0<\/span><\/p>\n<p><span style=\"font-size: 12pt; font-family: 'times new roman', times, serif;\"><strong>D\u00e9posez<\/strong> les fruits sur les chocolats rapidement<\/span><\/p>\n<p><span style=\"font-size: 12pt; font-family: 'times new roman', times, serif;\"><strong>Laissez durcir<\/strong> \u00e0 temp\u00e9rature ambiante ( 2 heures suffisent)\u00a0<\/span><\/p>\n<p>&nbsp;<\/p>\n<p style=\"text-align: center;\"><span style=\"font-size: 12pt; font-family: 'times new roman', times, serif;\"><strong>Croquez<\/strong>!<\/span><\/p>\n<p>&nbsp;<\/p>\n<p>&nbsp;<\/p>\n<p><a href=\"\/\/www.pinterest.com\/pin\/create\/button\/\" data-pin-do=\"buttonBookmark\" data-pin-color=\"red\" data-pin-height=\"128\"><img decoding=\"async\" src=\"\/\/assets.pinterest.com\/images\/pidgets\/pinit_fg_en_rect_red_28.png\" \/><\/a><\/p>","protected":false},"excerpt":{"rendered":"<p>&nbsp; &nbsp; Ingr\u00e9dients 200 gr de chocolat noir \u00e0 70% des fruits secs de votre choix (amandes, p\u00e9can, cranberrys, raisins secs, oranges confites etc&#8230;) &nbsp; Tambouille Disposez vos emportes pi\u00e8ces sur une plaque recouverte de papier cuisson Concassez les fruits secs Cassez le chocolat en [&hellip;]<\/p>\n","protected":false},"author":1,"featured_media":944,"parent":0,"menu_order":0,"comment_status":"closed","ping_status":"closed","template":"","meta":{"footnotes":""},"class_list":["post-966","page","type-page","status-publish","has-post-thumbnail","hentry"],"yoast_head":"<!-- This site is optimized with the Yoast SEO plugin v24.4 - https:\/\/yoast.com\/wordpress\/plugins\/seo\/ -->\n<title>Mendiants croquants au chocolat noir et aux fruits secs - Quinoa et Basmati<\/title>\n<meta name=\"description\" content=\"Recette de mendiants au chocolat noir et aux fruits secs sans gluten sans lait\" \/>\n<meta name=\"robots\" content=\"index, follow, max-snippet:-1, max-image-preview:large, max-video-preview:-1\" \/>\n<link rel=\"canonical\" href=\"https:\/\/www.quinoaetbasmati.fr\/index.php\/mendiants-croquants-au-chocolat-noir-et-aux-fruits-secs\/\" \/>\n<meta property=\"og:locale\" content=\"fr_FR\" \/>\n<meta property=\"og:type\" content=\"article\" \/>\n<meta property=\"og:title\" content=\"Mendiants croquants au chocolat noir et aux fruits secs - Quinoa et Basmati\" \/>\n<meta property=\"og:description\" content=\"Recette de mendiants au chocolat noir et aux fruits secs sans gluten sans lait\" \/>\n<meta property=\"og:url\" content=\"https:\/\/www.quinoaetbasmati.fr\/index.php\/mendiants-croquants-au-chocolat-noir-et-aux-fruits-secs\/\" \/>\n<meta property=\"og:site_name\" content=\"Quinoa et Basmati\" \/>\n<meta property=\"article:modified_time\" content=\"2019-12-21T12:33:24+00:00\" \/>\n<meta property=\"og:image\" content=\"https:\/\/www.quinoaetbasmati.fr\/wp-content\/uploads\/2017\/12\/mendiants-scaled.jpg\" \/>\n\t<meta property=\"og:image:width\" content=\"2560\" \/>\n\t<meta property=\"og:image:height\" content=\"1698\" \/>\n\t<meta property=\"og:image:type\" content=\"image\/jpeg\" \/>\n<meta name=\"twitter:card\" content=\"summary_large_image\" \/>\n<script type=\"application\/ld+json\" class=\"yoast-schema-graph\">{\"@context\":\"https:\/\/schema.org\",\"@graph\":[{\"@type\":\"WebPage\",\"@id\":\"https:\/\/www.quinoaetbasmati.fr\/index.php\/mendiants-croquants-au-chocolat-noir-et-aux-fruits-secs\/\",\"url\":\"https:\/\/www.quinoaetbasmati.fr\/index.php\/mendiants-croquants-au-chocolat-noir-et-aux-fruits-secs\/\",\"name\":\"Mendiants croquants au chocolat noir et aux fruits secs - Quinoa et Basmati\",\"isPartOf\":{\"@id\":\"https:\/\/www.quinoaetbasmati.fr\/#website\"},\"primaryImageOfPage\":{\"@id\":\"https:\/\/www.quinoaetbasmati.fr\/index.php\/mendiants-croquants-au-chocolat-noir-et-aux-fruits-secs\/#primaryimage\"},\"image\":{\"@id\":\"https:\/\/www.quinoaetbasmati.fr\/index.php\/mendiants-croquants-au-chocolat-noir-et-aux-fruits-secs\/#primaryimage\"},\"thumbnailUrl\":\"https:\/\/www.quinoaetbasmati.fr\/wp-content\/uploads\/2017\/12\/mendiants-scaled.jpg\",\"datePublished\":\"2017-12-20T21:46:18+00:00\",\"dateModified\":\"2019-12-21T12:33:24+00:00\",\"description\":\"Recette de mendiants au chocolat noir et aux fruits secs sans gluten sans lait\",\"breadcrumb\":{\"@id\":\"https:\/\/www.quinoaetbasmati.fr\/index.php\/mendiants-croquants-au-chocolat-noir-et-aux-fruits-secs\/#breadcrumb\"},\"inLanguage\":\"fr-FR\",\"potentialAction\":[{\"@type\":\"ReadAction\",\"target\":[\"https:\/\/www.quinoaetbasmati.fr\/index.php\/mendiants-croquants-au-chocolat-noir-et-aux-fruits-secs\/\"]}]},{\"@type\":\"ImageObject\",\"inLanguage\":\"fr-FR\",\"@id\":\"https:\/\/www.quinoaetbasmati.fr\/index.php\/mendiants-croquants-au-chocolat-noir-et-aux-fruits-secs\/#primaryimage\",\"url\":\"https:\/\/www.quinoaetbasmati.fr\/wp-content\/uploads\/2017\/12\/mendiants-scaled.jpg\",\"contentUrl\":\"https:\/\/www.quinoaetbasmati.fr\/wp-content\/uploads\/2017\/12\/mendiants-scaled.jpg\",\"width\":2560,\"height\":1698,\"caption\":\"mendiants au chocolat et aux fruits secs\"},{\"@type\":\"BreadcrumbList\",\"@id\":\"https:\/\/www.quinoaetbasmati.fr\/index.php\/mendiants-croquants-au-chocolat-noir-et-aux-fruits-secs\/#breadcrumb\",\"itemListElement\":[{\"@type\":\"ListItem\",\"position\":1,\"name\":\"Accueil\",\"item\":\"https:\/\/www.quinoaetbasmati.fr\/\"},{\"@type\":\"ListItem\",\"position\":2,\"name\":\"Mendiants croquants au chocolat noir et aux fruits secs\"}]},{\"@type\":\"WebSite\",\"@id\":\"https:\/\/www.quinoaetbasmati.fr\/#website\",\"url\":\"https:\/\/www.quinoaetbasmati.fr\/\",\"name\":\"Quinoa et Basmati\",\"description\":\"Tambouilles saines et gourmandes\",\"publisher\":{\"@id\":\"https:\/\/www.quinoaetbasmati.fr\/#organization\"},\"potentialAction\":[{\"@type\":\"SearchAction\",\"target\":{\"@type\":\"EntryPoint\",\"urlTemplate\":\"https:\/\/www.quinoaetbasmati.fr\/?s={search_term_string}\"},\"query-input\":{\"@type\":\"PropertyValueSpecification\",\"valueRequired\":true,\"valueName\":\"search_term_string\"}}],\"inLanguage\":\"fr-FR\"},{\"@type\":\"Organization\",\"@id\":\"https:\/\/www.quinoaetbasmati.fr\/#organization\",\"name\":\"Quinoa et Basmati\",\"url\":\"https:\/\/www.quinoaetbasmati.fr\/\",\"logo\":{\"@type\":\"ImageObject\",\"inLanguage\":\"fr-FR\",\"@id\":\"https:\/\/www.quinoaetbasmati.fr\/#\/schema\/logo\/image\/\",\"url\":\"https:\/\/www.quinoaetbasmati.fr\/wp-content\/uploads\/2018\/01\/cropped-27604279_10156154691158069_1209813160_o-4.jpg\",\"contentUrl\":\"https:\/\/www.quinoaetbasmati.fr\/wp-content\/uploads\/2018\/01\/cropped-27604279_10156154691158069_1209813160_o-4.jpg\",\"width\":455,\"height\":175,\"caption\":\"Quinoa et Basmati\"},\"image\":{\"@id\":\"https:\/\/www.quinoaetbasmati.fr\/#\/schema\/logo\/image\/\"}}]}<\/script>\n<!-- \/ Yoast SEO plugin. -->","yoast_head_json":{"title":"Mendiants croquants au chocolat noir et aux fruits secs - Quinoa et Basmati","description":"Recette de mendiants au chocolat noir et aux fruits secs sans gluten sans lait","robots":{"index":"index","follow":"follow","max-snippet":"max-snippet:-1","max-image-preview":"max-image-preview:large","max-video-preview":"max-video-preview:-1"},"canonical":"https:\/\/www.quinoaetbasmati.fr\/index.php\/mendiants-croquants-au-chocolat-noir-et-aux-fruits-secs\/","og_locale":"fr_FR","og_type":"article","og_title":"Mendiants croquants au chocolat noir et aux fruits secs - Quinoa et Basmati","og_description":"Recette de mendiants au chocolat noir et aux fruits secs sans gluten sans lait","og_url":"https:\/\/www.quinoaetbasmati.fr\/index.php\/mendiants-croquants-au-chocolat-noir-et-aux-fruits-secs\/","og_site_name":"Quinoa et Basmati","article_modified_time":"2019-12-21T12:33:24+00:00","og_image":[{"width":2560,"height":1698,"url":"https:\/\/www.quinoaetbasmati.fr\/wp-content\/uploads\/2017\/12\/mendiants-scaled.jpg","type":"image\/jpeg"}],"twitter_card":"summary_large_image","schema":{"@context":"https:\/\/schema.org","@graph":[{"@type":"WebPage","@id":"https:\/\/www.quinoaetbasmati.fr\/index.php\/mendiants-croquants-au-chocolat-noir-et-aux-fruits-secs\/","url":"https:\/\/www.quinoaetbasmati.fr\/index.php\/mendiants-croquants-au-chocolat-noir-et-aux-fruits-secs\/","name":"Mendiants croquants au chocolat noir et aux fruits secs - Quinoa et Basmati","isPartOf":{"@id":"https:\/\/www.quinoaetbasmati.fr\/#website"},"primaryImageOfPage":{"@id":"https:\/\/www.quinoaetbasmati.fr\/index.php\/mendiants-croquants-au-chocolat-noir-et-aux-fruits-secs\/#primaryimage"},"image":{"@id":"https:\/\/www.quinoaetbasmati.fr\/index.php\/mendiants-croquants-au-chocolat-noir-et-aux-fruits-secs\/#primaryimage"},"thumbnailUrl":"https:\/\/www.quinoaetbasmati.fr\/wp-content\/uploads\/2017\/12\/mendiants-scaled.jpg","datePublished":"2017-12-20T21:46:18+00:00","dateModified":"2019-12-21T12:33:24+00:00","description":"Recette de mendiants au chocolat noir et aux fruits secs sans gluten sans lait","breadcrumb":{"@id":"https:\/\/www.quinoaetbasmati.fr\/index.php\/mendiants-croquants-au-chocolat-noir-et-aux-fruits-secs\/#breadcrumb"},"inLanguage":"fr-FR","potentialAction":[{"@type":"ReadAction","target":["https:\/\/www.quinoaetbasmati.fr\/index.php\/mendiants-croquants-au-chocolat-noir-et-aux-fruits-secs\/"]}]},{"@type":"ImageObject","inLanguage":"fr-FR","@id":"https:\/\/www.quinoaetbasmati.fr\/index.php\/mendiants-croquants-au-chocolat-noir-et-aux-fruits-secs\/#primaryimage","url":"https:\/\/www.quinoaetbasmati.fr\/wp-content\/uploads\/2017\/12\/mendiants-scaled.jpg","contentUrl":"https:\/\/www.quinoaetbasmati.fr\/wp-content\/uploads\/2017\/12\/mendiants-scaled.jpg","width":2560,"height":1698,"caption":"mendiants au chocolat et aux fruits secs"},{"@type":"BreadcrumbList","@id":"https:\/\/www.quinoaetbasmati.fr\/index.php\/mendiants-croquants-au-chocolat-noir-et-aux-fruits-secs\/#breadcrumb","itemListElement":[{"@type":"ListItem","position":1,"name":"Accueil","item":"https:\/\/www.quinoaetbasmati.fr\/"},{"@type":"ListItem","position":2,"name":"Mendiants croquants au chocolat noir et aux fruits secs"}]},{"@type":"WebSite","@id":"https:\/\/www.quinoaetbasmati.fr\/#website","url":"https:\/\/www.quinoaetbasmati.fr\/","name":"Quinoa et Basmati","description":"Tambouilles saines et gourmandes","publisher":{"@id":"https:\/\/www.quinoaetbasmati.fr\/#organization"},"potentialAction":[{"@type":"SearchAction","target":{"@type":"EntryPoint","urlTemplate":"https:\/\/www.quinoaetbasmati.fr\/?s={search_term_string}"},"query-input":{"@type":"PropertyValueSpecification","valueRequired":true,"valueName":"search_term_string"}}],"inLanguage":"fr-FR"},{"@type":"Organization","@id":"https:\/\/www.quinoaetbasmati.fr\/#organization","name":"Quinoa et Basmati","url":"https:\/\/www.quinoaetbasmati.fr\/","logo":{"@type":"ImageObject","inLanguage":"fr-FR","@id":"https:\/\/www.quinoaetbasmati.fr\/#\/schema\/logo\/image\/","url":"https:\/\/www.quinoaetbasmati.fr\/wp-content\/uploads\/2018\/01\/cropped-27604279_10156154691158069_1209813160_o-4.jpg","contentUrl":"https:\/\/www.quinoaetbasmati.fr\/wp-content\/uploads\/2018\/01\/cropped-27604279_10156154691158069_1209813160_o-4.jpg","width":455,"height":175,"caption":"Quinoa et Basmati"},"image":{"@id":"https:\/\/www.quinoaetbasmati.fr\/#\/schema\/logo\/image\/"}}]}},"_links":{"self":[{"href":"https:\/\/www.quinoaetbasmati.fr\/index.php\/wp-json\/wp\/v2\/pages\/966","targetHints":{"allow":["GET"]}}],"collection":[{"href":"https:\/\/www.quinoaetbasmati.fr\/index.php\/wp-json\/wp\/v2\/pages"}],"about":[{"href":"https:\/\/www.quinoaetbasmati.fr\/index.php\/wp-json\/wp\/v2\/types\/page"}],"author":[{"embeddable":true,"href":"https:\/\/www.quinoaetbasmati.fr\/index.php\/wp-json\/wp\/v2\/users\/1"}],"replies":[{"embeddable":true,"href":"https:\/\/www.quinoaetbasmati.fr\/index.php\/wp-json\/wp\/v2\/comments?post=966"}],"version-history":[{"count":5,"href":"https:\/\/www.quinoaetbasmati.fr\/index.php\/wp-json\/wp\/v2\/pages\/966\/revisions"}],"predecessor-version":[{"id":6085,"href":"https:\/\/www.quinoaetbasmati.fr\/index.php\/wp-json\/wp\/v2\/pages\/966\/revisions\/6085"}],"wp:featuredmedia":[{"embeddable":true,"href":"https:\/\/www.quinoaetbasmati.fr\/index.php\/wp-json\/wp\/v2\/media\/944"}],"wp:attachment":[{"href":"https:\/\/www.quinoaetbasmati.fr\/index.php\/wp-json\/wp\/v2\/media?parent=966"}],"curies":[{"name":"wp","href":"https:\/\/api.w.org\/{rel}","templated":true}]}}