{"id":5901,"date":"2020-03-22T08:33:47","date_gmt":"2020-03-22T07:33:47","guid":{"rendered":"https:\/\/www.quinoaetbasmati.fr\/?post_type=product&#038;p=5901"},"modified":"2024-01-30T08:31:53","modified_gmt":"2024-01-30T07:31:53","slug":"et-que-ca-saute","status":"publish","type":"product","link":"https:\/\/www.quinoaetbasmati.fr\/index.php\/produit\/et-que-ca-saute\/","title":{"rendered":"Et que \u00e7a saute!"},"content":{"rendered":"<p><span style=\"font-size: 12pt; font-family: 'times new roman', times, serif;\">Brunch, go\u00fbter, petit creux, faim de loup&#8230;toutes les occasions sont bonnes pour sortir la po\u00eale \u00e0 cr\u00eape!<\/span><\/p>\n<p><span style=\"font-size: 12pt; font-family: 'times new roman', times, serif;\">Parole d&rsquo;inconditionnelle des cr\u00eapes et pancakes!<\/span><\/p>\n<p><span style=\"font-size: 12pt; font-family: 'times new roman', times, serif;\">Lorsque j&rsquo;ai chang\u00e9 d&rsquo;alimentation il a fallut que je revisite ces tambouilles et \u00e7a a \u00e9t\u00e9 l&rsquo;occasion pour moi de jouer avec diff\u00e9rentes farines, des laits et yaourts v\u00e9g\u00e9taux, des fruits&#8230;<\/span><\/p>\n<p><span style=\"font-size: 12pt; font-family: 'times new roman', times, serif;\">Aujourd&rsquo;hui j&rsquo;ai une multitude de recettes de cr\u00eapes et pancakes plus gourmandes les unes que les autres!<\/span><\/p>\n<p><span style=\"font-size: 12pt; font-family: 'times new roman', times, serif;\">J&rsquo;ai compil\u00e9 ces recettes dans un eBook, ainsi que celles de mes tartinades favorites, pour que vous puissiez vous aussi faire sauter vos po\u00eales \u00e0 cr\u00eapes en sant\u00e9!<\/span><\/p>\n","protected":false},"excerpt":{"rendered":"<p>Brunch, go\u00fbter, petit creux, faim de loup&#8230;toutes les occasions sont bonnes pour sortir la po\u00eale \u00e0 cr\u00eape! Parole d&rsquo;inconditionnelle des cr\u00eapes et pancakes! Lorsque j&rsquo;ai chang\u00e9 d&rsquo;alimentation il a fallut que je revisite ces tambouilles et \u00e7a a \u00e9t\u00e9 l&rsquo;occasion pour moi de jouer avec [&hellip;]<\/p>\n","protected":false},"featured_media":5903,"comment_status":"open","ping_status":"closed","template":"","meta":[],"product_brand":[],"product_cat":[1135],"product_tag":[1842,1136,1733,1845,1843,1731,1732,1824,1844,1846],"class_list":{"0":"post-5901","1":"product","2":"type-product","3":"status-publish","4":"has-post-thumbnail","6":"product_cat-les-ebooks","7":"product_tag-crepes","8":"product_tag-ebook","9":"product_tag-hypotoxique","10":"product_tag-paleo","11":"product_tag-pancakes","12":"product_tag-sans-gluten","13":"product_tag-sans-lait","14":"product_tag-sante","15":"product_tag-tartinades","16":"product_tag-vegetal","18":"first","19":"instock","20":"featured","21":"downloadable","22":"virtual","23":"purchasable","24":"product-type-simple"},"yoast_head":"<!-- This site is optimized with the Yoast SEO plugin v24.4 - https:\/\/yoast.com\/wordpress\/plugins\/seo\/ -->\n<title>Et que \u00e7a saute! - Quinoa et Basmati<\/title>\n<meta name=\"description\" content=\"Ebook de recettes de cr\u00eapes, pancakes et tartinades sans gluten et sans produit laitier animal.\" \/>\n<meta name=\"robots\" content=\"index, follow, max-snippet:-1, max-image-preview:large, max-video-preview:-1\" \/>\n<link rel=\"canonical\" href=\"https:\/\/www.quinoaetbasmati.fr\/index.php\/produit\/et-que-ca-saute\/\" \/>\n<meta property=\"og:locale\" content=\"fr_FR\" \/>\n<meta property=\"og:type\" content=\"article\" \/>\n<meta property=\"og:title\" content=\"Et que \u00e7a saute! - Quinoa et Basmati\" \/>\n<meta property=\"og:description\" content=\"Ebook de recettes de cr\u00eapes, pancakes et tartinades sans gluten et sans produit laitier animal.\" \/>\n<meta property=\"og:url\" content=\"https:\/\/www.quinoaetbasmati.fr\/index.php\/produit\/et-que-ca-saute\/\" \/>\n<meta property=\"og:site_name\" content=\"Quinoa et Basmati\" \/>\n<meta property=\"article:modified_time\" content=\"2024-01-30T07:31:53+00:00\" \/>\n<meta property=\"og:image\" content=\"https:\/\/www.quinoaetbasmati.fr\/wp-content\/uploads\/2020\/03\/couverture.png\" \/>\n\t<meta property=\"og:image:width\" content=\"512\" \/>\n\t<meta property=\"og:image:height\" content=\"800\" \/>\n\t<meta property=\"og:image:type\" content=\"image\/png\" \/>\n<meta name=\"twitter:card\" content=\"summary_large_image\" \/>\n<meta name=\"twitter:label1\" content=\"Dur\u00e9e de lecture estim\u00e9e\" \/>\n\t<meta name=\"twitter:data1\" content=\"1 minute\" \/>\n<script type=\"application\/ld+json\" class=\"yoast-schema-graph\">{\"@context\":\"https:\/\/schema.org\",\"@graph\":[{\"@type\":\"WebPage\",\"@id\":\"https:\/\/www.quinoaetbasmati.fr\/index.php\/produit\/et-que-ca-saute\/\",\"url\":\"https:\/\/www.quinoaetbasmati.fr\/index.php\/produit\/et-que-ca-saute\/\",\"name\":\"Et que \u00e7a saute! - Quinoa et Basmati\",\"isPartOf\":{\"@id\":\"https:\/\/www.quinoaetbasmati.fr\/#website\"},\"primaryImageOfPage\":{\"@id\":\"https:\/\/www.quinoaetbasmati.fr\/index.php\/produit\/et-que-ca-saute\/#primaryimage\"},\"image\":{\"@id\":\"https:\/\/www.quinoaetbasmati.fr\/index.php\/produit\/et-que-ca-saute\/#primaryimage\"},\"thumbnailUrl\":\"https:\/\/www.quinoaetbasmati.fr\/wp-content\/uploads\/2020\/03\/couverture.png\",\"datePublished\":\"2020-03-22T07:33:47+00:00\",\"dateModified\":\"2024-01-30T07:31:53+00:00\",\"description\":\"Ebook de recettes de cr\u00eapes, pancakes et tartinades sans gluten et sans produit laitier animal.\",\"breadcrumb\":{\"@id\":\"https:\/\/www.quinoaetbasmati.fr\/index.php\/produit\/et-que-ca-saute\/#breadcrumb\"},\"inLanguage\":\"fr-FR\",\"potentialAction\":[{\"@type\":\"ReadAction\",\"target\":[\"https:\/\/www.quinoaetbasmati.fr\/index.php\/produit\/et-que-ca-saute\/\"]}]},{\"@type\":\"ImageObject\",\"inLanguage\":\"fr-FR\",\"@id\":\"https:\/\/www.quinoaetbasmati.fr\/index.php\/produit\/et-que-ca-saute\/#primaryimage\",\"url\":\"https:\/\/www.quinoaetbasmati.fr\/wp-content\/uploads\/2020\/03\/couverture.png\",\"contentUrl\":\"https:\/\/www.quinoaetbasmati.fr\/wp-content\/uploads\/2020\/03\/couverture.png\",\"width\":512,\"height\":800,\"caption\":\"ebook de recettes de cr\u00eapes pancakes sans gluten sans lait\"},{\"@type\":\"BreadcrumbList\",\"@id\":\"https:\/\/www.quinoaetbasmati.fr\/index.php\/produit\/et-que-ca-saute\/#breadcrumb\",\"itemListElement\":[{\"@type\":\"ListItem\",\"position\":1,\"name\":\"Accueil\",\"item\":\"https:\/\/www.quinoaetbasmati.fr\/\"},{\"@type\":\"ListItem\",\"position\":2,\"name\":\"Et que \u00e7a saute!\"}]},{\"@type\":\"WebSite\",\"@id\":\"https:\/\/www.quinoaetbasmati.fr\/#website\",\"url\":\"https:\/\/www.quinoaetbasmati.fr\/\",\"name\":\"Quinoa et Basmati\",\"description\":\"Tambouilles saines et gourmandes\",\"publisher\":{\"@id\":\"https:\/\/www.quinoaetbasmati.fr\/#organization\"},\"potentialAction\":[{\"@type\":\"SearchAction\",\"target\":{\"@type\":\"EntryPoint\",\"urlTemplate\":\"https:\/\/www.quinoaetbasmati.fr\/?s={search_term_string}\"},\"query-input\":{\"@type\":\"PropertyValueSpecification\",\"valueRequired\":true,\"valueName\":\"search_term_string\"}}],\"inLanguage\":\"fr-FR\"},{\"@type\":\"Organization\",\"@id\":\"https:\/\/www.quinoaetbasmati.fr\/#organization\",\"name\":\"Quinoa et Basmati\",\"url\":\"https:\/\/www.quinoaetbasmati.fr\/\",\"logo\":{\"@type\":\"ImageObject\",\"inLanguage\":\"fr-FR\",\"@id\":\"https:\/\/www.quinoaetbasmati.fr\/#\/schema\/logo\/image\/\",\"url\":\"https:\/\/www.quinoaetbasmati.fr\/wp-content\/uploads\/2018\/01\/cropped-27604279_10156154691158069_1209813160_o-4.jpg\",\"contentUrl\":\"https:\/\/www.quinoaetbasmati.fr\/wp-content\/uploads\/2018\/01\/cropped-27604279_10156154691158069_1209813160_o-4.jpg\",\"width\":455,\"height\":175,\"caption\":\"Quinoa et Basmati\"},\"image\":{\"@id\":\"https:\/\/www.quinoaetbasmati.fr\/#\/schema\/logo\/image\/\"}}]}<\/script>\n<!-- \/ Yoast SEO plugin. -->","yoast_head_json":{"title":"Et que \u00e7a saute! - Quinoa et Basmati","description":"Ebook de recettes de cr\u00eapes, pancakes et tartinades sans gluten et sans produit laitier animal.","robots":{"index":"index","follow":"follow","max-snippet":"max-snippet:-1","max-image-preview":"max-image-preview:large","max-video-preview":"max-video-preview:-1"},"canonical":"https:\/\/www.quinoaetbasmati.fr\/index.php\/produit\/et-que-ca-saute\/","og_locale":"fr_FR","og_type":"article","og_title":"Et que \u00e7a saute! - Quinoa et Basmati","og_description":"Ebook de recettes de cr\u00eapes, pancakes et tartinades sans gluten et sans produit laitier animal.","og_url":"https:\/\/www.quinoaetbasmati.fr\/index.php\/produit\/et-que-ca-saute\/","og_site_name":"Quinoa et Basmati","article_modified_time":"2024-01-30T07:31:53+00:00","og_image":[{"width":512,"height":800,"url":"https:\/\/www.quinoaetbasmati.fr\/wp-content\/uploads\/2020\/03\/couverture.png","type":"image\/png"}],"twitter_card":"summary_large_image","twitter_misc":{"Dur\u00e9e de lecture estim\u00e9e":"1 minute"},"schema":{"@context":"https:\/\/schema.org","@graph":[{"@type":"WebPage","@id":"https:\/\/www.quinoaetbasmati.fr\/index.php\/produit\/et-que-ca-saute\/","url":"https:\/\/www.quinoaetbasmati.fr\/index.php\/produit\/et-que-ca-saute\/","name":"Et que \u00e7a saute! - Quinoa et Basmati","isPartOf":{"@id":"https:\/\/www.quinoaetbasmati.fr\/#website"},"primaryImageOfPage":{"@id":"https:\/\/www.quinoaetbasmati.fr\/index.php\/produit\/et-que-ca-saute\/#primaryimage"},"image":{"@id":"https:\/\/www.quinoaetbasmati.fr\/index.php\/produit\/et-que-ca-saute\/#primaryimage"},"thumbnailUrl":"https:\/\/www.quinoaetbasmati.fr\/wp-content\/uploads\/2020\/03\/couverture.png","datePublished":"2020-03-22T07:33:47+00:00","dateModified":"2024-01-30T07:31:53+00:00","description":"Ebook de recettes de cr\u00eapes, pancakes et tartinades sans gluten et sans produit laitier animal.","breadcrumb":{"@id":"https:\/\/www.quinoaetbasmati.fr\/index.php\/produit\/et-que-ca-saute\/#breadcrumb"},"inLanguage":"fr-FR","potentialAction":[{"@type":"ReadAction","target":["https:\/\/www.quinoaetbasmati.fr\/index.php\/produit\/et-que-ca-saute\/"]}]},{"@type":"ImageObject","inLanguage":"fr-FR","@id":"https:\/\/www.quinoaetbasmati.fr\/index.php\/produit\/et-que-ca-saute\/#primaryimage","url":"https:\/\/www.quinoaetbasmati.fr\/wp-content\/uploads\/2020\/03\/couverture.png","contentUrl":"https:\/\/www.quinoaetbasmati.fr\/wp-content\/uploads\/2020\/03\/couverture.png","width":512,"height":800,"caption":"ebook de recettes de cr\u00eapes pancakes sans gluten sans lait"},{"@type":"BreadcrumbList","@id":"https:\/\/www.quinoaetbasmati.fr\/index.php\/produit\/et-que-ca-saute\/#breadcrumb","itemListElement":[{"@type":"ListItem","position":1,"name":"Accueil","item":"https:\/\/www.quinoaetbasmati.fr\/"},{"@type":"ListItem","position":2,"name":"Et que \u00e7a saute!"}]},{"@type":"WebSite","@id":"https:\/\/www.quinoaetbasmati.fr\/#website","url":"https:\/\/www.quinoaetbasmati.fr\/","name":"Quinoa et Basmati","description":"Tambouilles saines et gourmandes","publisher":{"@id":"https:\/\/www.quinoaetbasmati.fr\/#organization"},"potentialAction":[{"@type":"SearchAction","target":{"@type":"EntryPoint","urlTemplate":"https:\/\/www.quinoaetbasmati.fr\/?s={search_term_string}"},"query-input":{"@type":"PropertyValueSpecification","valueRequired":true,"valueName":"search_term_string"}}],"inLanguage":"fr-FR"},{"@type":"Organization","@id":"https:\/\/www.quinoaetbasmati.fr\/#organization","name":"Quinoa et Basmati","url":"https:\/\/www.quinoaetbasmati.fr\/","logo":{"@type":"ImageObject","inLanguage":"fr-FR","@id":"https:\/\/www.quinoaetbasmati.fr\/#\/schema\/logo\/image\/","url":"https:\/\/www.quinoaetbasmati.fr\/wp-content\/uploads\/2018\/01\/cropped-27604279_10156154691158069_1209813160_o-4.jpg","contentUrl":"https:\/\/www.quinoaetbasmati.fr\/wp-content\/uploads\/2018\/01\/cropped-27604279_10156154691158069_1209813160_o-4.jpg","width":455,"height":175,"caption":"Quinoa et Basmati"},"image":{"@id":"https:\/\/www.quinoaetbasmati.fr\/#\/schema\/logo\/image\/"}}]}},"_links":{"self":[{"href":"https:\/\/www.quinoaetbasmati.fr\/index.php\/wp-json\/wp\/v2\/product\/5901","targetHints":{"allow":["GET"]}}],"collection":[{"href":"https:\/\/www.quinoaetbasmati.fr\/index.php\/wp-json\/wp\/v2\/product"}],"about":[{"href":"https:\/\/www.quinoaetbasmati.fr\/index.php\/wp-json\/wp\/v2\/types\/product"}],"replies":[{"embeddable":true,"href":"https:\/\/www.quinoaetbasmati.fr\/index.php\/wp-json\/wp\/v2\/comments?post=5901"}],"version-history":[{"count":0,"href":"https:\/\/www.quinoaetbasmati.fr\/index.php\/wp-json\/wp\/v2\/product\/5901\/revisions"}],"wp:featuredmedia":[{"embeddable":true,"href":"https:\/\/www.quinoaetbasmati.fr\/index.php\/wp-json\/wp\/v2\/media\/5903"}],"wp:attachment":[{"href":"https:\/\/www.quinoaetbasmati.fr\/index.php\/wp-json\/wp\/v2\/media?parent=5901"}],"wp:term":[{"taxonomy":"product_brand","embeddable":true,"href":"https:\/\/www.quinoaetbasmati.fr\/index.php\/wp-json\/wp\/v2\/product_brand?post=5901"},{"taxonomy":"product_cat","embeddable":true,"href":"https:\/\/www.quinoaetbasmati.fr\/index.php\/wp-json\/wp\/v2\/product_cat?post=5901"},{"taxonomy":"product_tag","embeddable":true,"href":"https:\/\/www.quinoaetbasmati.fr\/index.php\/wp-json\/wp\/v2\/product_tag?post=5901"}],"curies":[{"name":"wp","href":"https:\/\/api.w.org\/{rel}","templated":true}]}}