{"id":6036,"date":"2020-04-05T09:39:58","date_gmt":"2020-04-05T07:39:58","guid":{"rendered":"https:\/\/www.quinoaetbasmati.fr\/?post_type=product&#038;p=6036"},"modified":"2021-02-10T08:02:15","modified_gmt":"2021-02-10T07:02:15","slug":"carnet-de-cookies","status":"publish","type":"product","link":"https:\/\/www.quinoaetbasmati.fr\/index.php\/produit\/carnet-de-cookies\/","title":{"rendered":"Carnet de cookies"},"content":{"rendered":"<p><span style=\"font-size: 12pt; font-family: 'times new roman', times, serif;\">Vous l&rsquo;aurez compris, je suis accro aux cookies, alors, lorsque<\/span><br \/>\n<span style=\"font-size: 12pt; font-family: 'times new roman', times, serif;\">j&rsquo;ai adopt\u00e9 ma nouvelle alimentation et dit adieu \u00e0 la farine de<\/span><br \/>\n<span style=\"font-size: 12pt; font-family: 'times new roman', times, serif;\">bl\u00e9 et aux produits laitiers, il \u00e9tait hors de question de les<\/span><br \/>\n<span style=\"font-size: 12pt; font-family: 'times new roman', times, serif;\">oublier!<\/span><br \/>\n<span style=\"font-size: 12pt; font-family: 'times new roman', times, serif;\">J&rsquo;ai redoubl\u00e9 d\u2019ing\u00e9niosit\u00e9 pour inventer des recettes sant\u00e9 de<\/span><br \/>\n<span style=\"font-size: 12pt; font-family: 'times new roman', times, serif;\">mes petits biscuits ador\u00e9s.<\/span><br \/>\n<span style=\"font-size: 12pt; font-family: 'times new roman', times, serif;\">Me voil\u00e0 aujourd&rsquo;hui avec tout un \u00ab\u00a0carnet de cookies\u00a0\u00bb: une<\/span><br \/>\n<span style=\"font-size: 12pt; font-family: 'times new roman', times, serif;\">farandole de farines sans gluten, des recettes pal\u00e9os, fruit\u00e9es,<\/span><br \/>\n<span style=\"font-size: 12pt; font-family: 'times new roman', times, serif;\">chocolat\u00e9es, v\u00e9gans etc, que je partage avec plaisir avec les<\/span><br \/>\n<span style=\"font-size: 12pt; font-family: 'times new roman', times, serif;\">gourmands que vous \u00eates.<\/span><\/p>\n","protected":false},"excerpt":{"rendered":"<p>Vous l&rsquo;aurez compris, je suis accro aux cookies, alors, lorsque j&rsquo;ai adopt\u00e9 ma nouvelle alimentation et dit adieu \u00e0 la farine de bl\u00e9 et aux produits laitiers, il \u00e9tait hors de question de les oublier! J&rsquo;ai redoubl\u00e9 d\u2019ing\u00e9niosit\u00e9 pour inventer des recettes sant\u00e9 de mes [&hellip;]<\/p>\n","protected":false},"featured_media":6037,"comment_status":"open","ping_status":"closed","template":"","meta":[],"product_brand":[],"product_cat":[1135],"product_tag":[1933,1862,1136,1865,1863,1823,1820,1143,1144,1864],"class_list":{"0":"post-6036","1":"product","2":"type-product","3":"status-publish","4":"has-post-thumbnail","6":"product_cat-les-ebooks","7":"product_tag-carnetdecookies","8":"product_tag-cookies","9":"product_tag-ebook","10":"product_tag-farinesansgluten","11":"product_tag-recettedecookies","12":"product_tag-recettes","13":"product_tag-recettessaines","14":"product_tag-sansgluten","15":"product_tag-sanslait","16":"product_tag-vegan","18":"first","19":"instock","20":"featured","21":"downloadable","22":"virtual","23":"taxable","24":"purchasable","25":"product-type-simple"},"yoast_head":"<!-- This site is optimized with the Yoast SEO plugin v24.4 - https:\/\/yoast.com\/wordpress\/plugins\/seo\/ -->\n<title>Carnet de cookies - Quinoa et Basmati<\/title>\n<meta name=\"description\" content=\"ebook de recettes de cookies sans gluten sans lait et vegans\" \/>\n<meta name=\"robots\" content=\"index, follow, max-snippet:-1, max-image-preview:large, max-video-preview:-1\" \/>\n<link rel=\"canonical\" href=\"https:\/\/www.quinoaetbasmati.fr\/index.php\/produit\/carnet-de-cookies\/\" \/>\n<meta property=\"og:locale\" content=\"fr_FR\" \/>\n<meta property=\"og:type\" content=\"article\" \/>\n<meta property=\"og:title\" content=\"Carnet de cookies - Quinoa et Basmati\" \/>\n<meta property=\"og:description\" content=\"ebook de recettes de cookies sans gluten sans lait et vegans\" \/>\n<meta property=\"og:url\" content=\"https:\/\/www.quinoaetbasmati.fr\/index.php\/produit\/carnet-de-cookies\/\" \/>\n<meta property=\"og:site_name\" content=\"Quinoa et Basmati\" \/>\n<meta property=\"article:modified_time\" content=\"2021-02-10T07:02:15+00:00\" \/>\n<meta property=\"og:image\" content=\"https:\/\/www.quinoaetbasmati.fr\/wp-content\/uploads\/2020\/04\/1.png\" \/>\n\t<meta property=\"og:image:width\" content=\"512\" \/>\n\t<meta property=\"og:image:height\" content=\"800\" \/>\n\t<meta property=\"og:image:type\" content=\"image\/png\" \/>\n<meta name=\"twitter:card\" content=\"summary_large_image\" \/>\n<script type=\"application\/ld+json\" class=\"yoast-schema-graph\">{\"@context\":\"https:\/\/schema.org\",\"@graph\":[{\"@type\":\"WebPage\",\"@id\":\"https:\/\/www.quinoaetbasmati.fr\/index.php\/produit\/carnet-de-cookies\/\",\"url\":\"https:\/\/www.quinoaetbasmati.fr\/index.php\/produit\/carnet-de-cookies\/\",\"name\":\"Carnet de cookies - Quinoa et Basmati\",\"isPartOf\":{\"@id\":\"https:\/\/www.quinoaetbasmati.fr\/#website\"},\"primaryImageOfPage\":{\"@id\":\"https:\/\/www.quinoaetbasmati.fr\/index.php\/produit\/carnet-de-cookies\/#primaryimage\"},\"image\":{\"@id\":\"https:\/\/www.quinoaetbasmati.fr\/index.php\/produit\/carnet-de-cookies\/#primaryimage\"},\"thumbnailUrl\":\"https:\/\/www.quinoaetbasmati.fr\/wp-content\/uploads\/2020\/04\/1.png\",\"datePublished\":\"2020-04-05T07:39:58+00:00\",\"dateModified\":\"2021-02-10T07:02:15+00:00\",\"description\":\"ebook de recettes de cookies sans gluten sans lait et vegans\",\"breadcrumb\":{\"@id\":\"https:\/\/www.quinoaetbasmati.fr\/index.php\/produit\/carnet-de-cookies\/#breadcrumb\"},\"inLanguage\":\"fr-FR\",\"potentialAction\":[{\"@type\":\"ReadAction\",\"target\":[\"https:\/\/www.quinoaetbasmati.fr\/index.php\/produit\/carnet-de-cookies\/\"]}]},{\"@type\":\"ImageObject\",\"inLanguage\":\"fr-FR\",\"@id\":\"https:\/\/www.quinoaetbasmati.fr\/index.php\/produit\/carnet-de-cookies\/#primaryimage\",\"url\":\"https:\/\/www.quinoaetbasmati.fr\/wp-content\/uploads\/2020\/04\/1.png\",\"contentUrl\":\"https:\/\/www.quinoaetbasmati.fr\/wp-content\/uploads\/2020\/04\/1.png\",\"width\":512,\"height\":800,\"caption\":\"carnet de cookies sans gluten sans lait\"},{\"@type\":\"BreadcrumbList\",\"@id\":\"https:\/\/www.quinoaetbasmati.fr\/index.php\/produit\/carnet-de-cookies\/#breadcrumb\",\"itemListElement\":[{\"@type\":\"ListItem\",\"position\":1,\"name\":\"Accueil\",\"item\":\"https:\/\/www.quinoaetbasmati.fr\/\"},{\"@type\":\"ListItem\",\"position\":2,\"name\":\"Carnet de cookies\"}]},{\"@type\":\"WebSite\",\"@id\":\"https:\/\/www.quinoaetbasmati.fr\/#website\",\"url\":\"https:\/\/www.quinoaetbasmati.fr\/\",\"name\":\"Quinoa et Basmati\",\"description\":\"Tambouilles saines et gourmandes\",\"publisher\":{\"@id\":\"https:\/\/www.quinoaetbasmati.fr\/#organization\"},\"potentialAction\":[{\"@type\":\"SearchAction\",\"target\":{\"@type\":\"EntryPoint\",\"urlTemplate\":\"https:\/\/www.quinoaetbasmati.fr\/?s={search_term_string}\"},\"query-input\":{\"@type\":\"PropertyValueSpecification\",\"valueRequired\":true,\"valueName\":\"search_term_string\"}}],\"inLanguage\":\"fr-FR\"},{\"@type\":\"Organization\",\"@id\":\"https:\/\/www.quinoaetbasmati.fr\/#organization\",\"name\":\"Quinoa et Basmati\",\"url\":\"https:\/\/www.quinoaetbasmati.fr\/\",\"logo\":{\"@type\":\"ImageObject\",\"inLanguage\":\"fr-FR\",\"@id\":\"https:\/\/www.quinoaetbasmati.fr\/#\/schema\/logo\/image\/\",\"url\":\"https:\/\/www.quinoaetbasmati.fr\/wp-content\/uploads\/2018\/01\/cropped-27604279_10156154691158069_1209813160_o-4.jpg\",\"contentUrl\":\"https:\/\/www.quinoaetbasmati.fr\/wp-content\/uploads\/2018\/01\/cropped-27604279_10156154691158069_1209813160_o-4.jpg\",\"width\":455,\"height\":175,\"caption\":\"Quinoa et Basmati\"},\"image\":{\"@id\":\"https:\/\/www.quinoaetbasmati.fr\/#\/schema\/logo\/image\/\"}}]}<\/script>\n<!-- \/ Yoast SEO plugin. -->","yoast_head_json":{"title":"Carnet de cookies - Quinoa et Basmati","description":"ebook de recettes de cookies sans gluten sans lait et vegans","robots":{"index":"index","follow":"follow","max-snippet":"max-snippet:-1","max-image-preview":"max-image-preview:large","max-video-preview":"max-video-preview:-1"},"canonical":"https:\/\/www.quinoaetbasmati.fr\/index.php\/produit\/carnet-de-cookies\/","og_locale":"fr_FR","og_type":"article","og_title":"Carnet de cookies - Quinoa et Basmati","og_description":"ebook de recettes de cookies sans gluten sans lait et vegans","og_url":"https:\/\/www.quinoaetbasmati.fr\/index.php\/produit\/carnet-de-cookies\/","og_site_name":"Quinoa et Basmati","article_modified_time":"2021-02-10T07:02:15+00:00","og_image":[{"width":512,"height":800,"url":"https:\/\/www.quinoaetbasmati.fr\/wp-content\/uploads\/2020\/04\/1.png","type":"image\/png"}],"twitter_card":"summary_large_image","schema":{"@context":"https:\/\/schema.org","@graph":[{"@type":"WebPage","@id":"https:\/\/www.quinoaetbasmati.fr\/index.php\/produit\/carnet-de-cookies\/","url":"https:\/\/www.quinoaetbasmati.fr\/index.php\/produit\/carnet-de-cookies\/","name":"Carnet de cookies - Quinoa et Basmati","isPartOf":{"@id":"https:\/\/www.quinoaetbasmati.fr\/#website"},"primaryImageOfPage":{"@id":"https:\/\/www.quinoaetbasmati.fr\/index.php\/produit\/carnet-de-cookies\/#primaryimage"},"image":{"@id":"https:\/\/www.quinoaetbasmati.fr\/index.php\/produit\/carnet-de-cookies\/#primaryimage"},"thumbnailUrl":"https:\/\/www.quinoaetbasmati.fr\/wp-content\/uploads\/2020\/04\/1.png","datePublished":"2020-04-05T07:39:58+00:00","dateModified":"2021-02-10T07:02:15+00:00","description":"ebook de recettes de cookies sans gluten sans lait et vegans","breadcrumb":{"@id":"https:\/\/www.quinoaetbasmati.fr\/index.php\/produit\/carnet-de-cookies\/#breadcrumb"},"inLanguage":"fr-FR","potentialAction":[{"@type":"ReadAction","target":["https:\/\/www.quinoaetbasmati.fr\/index.php\/produit\/carnet-de-cookies\/"]}]},{"@type":"ImageObject","inLanguage":"fr-FR","@id":"https:\/\/www.quinoaetbasmati.fr\/index.php\/produit\/carnet-de-cookies\/#primaryimage","url":"https:\/\/www.quinoaetbasmati.fr\/wp-content\/uploads\/2020\/04\/1.png","contentUrl":"https:\/\/www.quinoaetbasmati.fr\/wp-content\/uploads\/2020\/04\/1.png","width":512,"height":800,"caption":"carnet de cookies sans gluten sans lait"},{"@type":"BreadcrumbList","@id":"https:\/\/www.quinoaetbasmati.fr\/index.php\/produit\/carnet-de-cookies\/#breadcrumb","itemListElement":[{"@type":"ListItem","position":1,"name":"Accueil","item":"https:\/\/www.quinoaetbasmati.fr\/"},{"@type":"ListItem","position":2,"name":"Carnet de cookies"}]},{"@type":"WebSite","@id":"https:\/\/www.quinoaetbasmati.fr\/#website","url":"https:\/\/www.quinoaetbasmati.fr\/","name":"Quinoa et Basmati","description":"Tambouilles saines et gourmandes","publisher":{"@id":"https:\/\/www.quinoaetbasmati.fr\/#organization"},"potentialAction":[{"@type":"SearchAction","target":{"@type":"EntryPoint","urlTemplate":"https:\/\/www.quinoaetbasmati.fr\/?s={search_term_string}"},"query-input":{"@type":"PropertyValueSpecification","valueRequired":true,"valueName":"search_term_string"}}],"inLanguage":"fr-FR"},{"@type":"Organization","@id":"https:\/\/www.quinoaetbasmati.fr\/#organization","name":"Quinoa et Basmati","url":"https:\/\/www.quinoaetbasmati.fr\/","logo":{"@type":"ImageObject","inLanguage":"fr-FR","@id":"https:\/\/www.quinoaetbasmati.fr\/#\/schema\/logo\/image\/","url":"https:\/\/www.quinoaetbasmati.fr\/wp-content\/uploads\/2018\/01\/cropped-27604279_10156154691158069_1209813160_o-4.jpg","contentUrl":"https:\/\/www.quinoaetbasmati.fr\/wp-content\/uploads\/2018\/01\/cropped-27604279_10156154691158069_1209813160_o-4.jpg","width":455,"height":175,"caption":"Quinoa et Basmati"},"image":{"@id":"https:\/\/www.quinoaetbasmati.fr\/#\/schema\/logo\/image\/"}}]}},"_links":{"self":[{"href":"https:\/\/www.quinoaetbasmati.fr\/index.php\/wp-json\/wp\/v2\/product\/6036","targetHints":{"allow":["GET"]}}],"collection":[{"href":"https:\/\/www.quinoaetbasmati.fr\/index.php\/wp-json\/wp\/v2\/product"}],"about":[{"href":"https:\/\/www.quinoaetbasmati.fr\/index.php\/wp-json\/wp\/v2\/types\/product"}],"replies":[{"embeddable":true,"href":"https:\/\/www.quinoaetbasmati.fr\/index.php\/wp-json\/wp\/v2\/comments?post=6036"}],"version-history":[{"count":0,"href":"https:\/\/www.quinoaetbasmati.fr\/index.php\/wp-json\/wp\/v2\/product\/6036\/revisions"}],"wp:featuredmedia":[{"embeddable":true,"href":"https:\/\/www.quinoaetbasmati.fr\/index.php\/wp-json\/wp\/v2\/media\/6037"}],"wp:attachment":[{"href":"https:\/\/www.quinoaetbasmati.fr\/index.php\/wp-json\/wp\/v2\/media?parent=6036"}],"wp:term":[{"taxonomy":"product_brand","embeddable":true,"href":"https:\/\/www.quinoaetbasmati.fr\/index.php\/wp-json\/wp\/v2\/product_brand?post=6036"},{"taxonomy":"product_cat","embeddable":true,"href":"https:\/\/www.quinoaetbasmati.fr\/index.php\/wp-json\/wp\/v2\/product_cat?post=6036"},{"taxonomy":"product_tag","embeddable":true,"href":"https:\/\/www.quinoaetbasmati.fr\/index.php\/wp-json\/wp\/v2\/product_tag?post=6036"}],"curies":[{"name":"wp","href":"https:\/\/api.w.org\/{rel}","templated":true}]}}