{"id":6570,"date":"2020-06-18T07:20:36","date_gmt":"2020-06-18T05:20:36","guid":{"rendered":"https:\/\/www.quinoaetbasmati.fr\/?post_type=product&#038;p=6570"},"modified":"2020-11-13T11:46:23","modified_gmt":"2020-11-13T10:46:23","slug":"fiches-pratiques-le-b-a-ba-du-sans-gluten","status":"publish","type":"product","link":"https:\/\/www.quinoaetbasmati.fr\/index.php\/produit\/fiches-pratiques-le-b-a-ba-du-sans-gluten\/","title":{"rendered":"Fiches pratiques: le b.a-ba du sans gluten"},"content":{"rendered":"<p>Parce que la cuisine sans gluten n&rsquo;est pas toujours facile \u00e0 apprivoiser, voici 6 fiches pratiques \u00e0 imprimer et \u00e0 toujours avoir dans votre cuisine!<\/p>\n<p>&nbsp;<\/p>\n","protected":false},"excerpt":{"rendered":"<p>Parce que la cuisine sans gluten n&rsquo;est pas toujours facile \u00e0 apprivoiser, voici 6 fiches pratiques \u00e0 imprimer et \u00e0 toujours avoir dans votre cuisine! &nbsp;<\/p>\n","protected":false},"featured_media":6579,"comment_status":"open","ping_status":"closed","template":"","meta":[],"product_brand":[],"product_cat":[1131],"product_tag":[1914,1910,1911,1915,1912,1913,1143],"class_list":{"0":"post-6570","1":"product","2":"type-product","3":"status-publish","4":"has-post-thumbnail","6":"product_cat-non-classe","7":"product_tag-allergie","8":"product_tag-cuisine","9":"product_tag-fichespratiques","10":"product_tag-intolerance","11":"product_tag-patisserie","12":"product_tag-sansble","13":"product_tag-sansgluten","15":"first","16":"instock","17":"downloadable","18":"virtual","19":"taxable","20":"purchasable","21":"product-type-simple"},"yoast_head":"<!-- This site is optimized with the Yoast SEO plugin v24.4 - https:\/\/yoast.com\/wordpress\/plugins\/seo\/ -->\n<title>Fiches pratiques: le b.a-ba du sans gluten - Quinoa et Basmati<\/title>\n<meta name=\"description\" content=\"6 fiches pratiques sur la cuisine sans gluten, \u00e0 imprimer et \u00e0 toujours avoir dans la cuisine!\" \/>\n<meta name=\"robots\" content=\"index, follow, max-snippet:-1, max-image-preview:large, max-video-preview:-1\" \/>\n<link rel=\"canonical\" href=\"https:\/\/www.quinoaetbasmati.fr\/index.php\/produit\/fiches-pratiques-le-b-a-ba-du-sans-gluten\/\" \/>\n<meta property=\"og:locale\" content=\"fr_FR\" \/>\n<meta property=\"og:type\" content=\"article\" \/>\n<meta property=\"og:title\" content=\"Fiches pratiques: le b.a-ba du sans gluten - Quinoa et Basmati\" \/>\n<meta property=\"og:description\" content=\"6 fiches pratiques sur la cuisine sans gluten, \u00e0 imprimer et \u00e0 toujours avoir dans la cuisine!\" \/>\n<meta property=\"og:url\" content=\"https:\/\/www.quinoaetbasmati.fr\/index.php\/produit\/fiches-pratiques-le-b-a-ba-du-sans-gluten\/\" \/>\n<meta property=\"og:site_name\" content=\"Quinoa et Basmati\" \/>\n<meta property=\"article:modified_time\" content=\"2020-11-13T10:46:23+00:00\" \/>\n<meta property=\"og:image\" content=\"https:\/\/www.quinoaetbasmati.fr\/wp-content\/uploads\/2020\/06\/Cuisiner-sans-gluten-1.jpg\" \/>\n\t<meta property=\"og:image:width\" content=\"1414\" \/>\n\t<meta property=\"og:image:height\" content=\"2000\" \/>\n\t<meta property=\"og:image:type\" content=\"image\/jpeg\" \/>\n<meta name=\"twitter:card\" content=\"summary_large_image\" \/>\n<script type=\"application\/ld+json\" class=\"yoast-schema-graph\">{\"@context\":\"https:\/\/schema.org\",\"@graph\":[{\"@type\":\"WebPage\",\"@id\":\"https:\/\/www.quinoaetbasmati.fr\/index.php\/produit\/fiches-pratiques-le-b-a-ba-du-sans-gluten\/\",\"url\":\"https:\/\/www.quinoaetbasmati.fr\/index.php\/produit\/fiches-pratiques-le-b-a-ba-du-sans-gluten\/\",\"name\":\"Fiches pratiques: le b.a-ba du sans gluten - Quinoa et Basmati\",\"isPartOf\":{\"@id\":\"https:\/\/www.quinoaetbasmati.fr\/#website\"},\"primaryImageOfPage\":{\"@id\":\"https:\/\/www.quinoaetbasmati.fr\/index.php\/produit\/fiches-pratiques-le-b-a-ba-du-sans-gluten\/#primaryimage\"},\"image\":{\"@id\":\"https:\/\/www.quinoaetbasmati.fr\/index.php\/produit\/fiches-pratiques-le-b-a-ba-du-sans-gluten\/#primaryimage\"},\"thumbnailUrl\":\"https:\/\/www.quinoaetbasmati.fr\/wp-content\/uploads\/2020\/06\/Cuisiner-sans-gluten-1.jpg\",\"datePublished\":\"2020-06-18T05:20:36+00:00\",\"dateModified\":\"2020-11-13T10:46:23+00:00\",\"description\":\"6 fiches pratiques sur la cuisine sans gluten, \u00e0 imprimer et \u00e0 toujours avoir dans la cuisine!\",\"breadcrumb\":{\"@id\":\"https:\/\/www.quinoaetbasmati.fr\/index.php\/produit\/fiches-pratiques-le-b-a-ba-du-sans-gluten\/#breadcrumb\"},\"inLanguage\":\"fr-FR\",\"potentialAction\":[{\"@type\":\"ReadAction\",\"target\":[\"https:\/\/www.quinoaetbasmati.fr\/index.php\/produit\/fiches-pratiques-le-b-a-ba-du-sans-gluten\/\"]}]},{\"@type\":\"ImageObject\",\"inLanguage\":\"fr-FR\",\"@id\":\"https:\/\/www.quinoaetbasmati.fr\/index.php\/produit\/fiches-pratiques-le-b-a-ba-du-sans-gluten\/#primaryimage\",\"url\":\"https:\/\/www.quinoaetbasmati.fr\/wp-content\/uploads\/2020\/06\/Cuisiner-sans-gluten-1.jpg\",\"contentUrl\":\"https:\/\/www.quinoaetbasmati.fr\/wp-content\/uploads\/2020\/06\/Cuisiner-sans-gluten-1.jpg\",\"width\":1414,\"height\":2000,\"caption\":\"cuisiner sans gluten\"},{\"@type\":\"BreadcrumbList\",\"@id\":\"https:\/\/www.quinoaetbasmati.fr\/index.php\/produit\/fiches-pratiques-le-b-a-ba-du-sans-gluten\/#breadcrumb\",\"itemListElement\":[{\"@type\":\"ListItem\",\"position\":1,\"name\":\"Accueil\",\"item\":\"https:\/\/www.quinoaetbasmati.fr\/\"},{\"@type\":\"ListItem\",\"position\":2,\"name\":\"Fiches pratiques: le b.a-ba du sans gluten\"}]},{\"@type\":\"WebSite\",\"@id\":\"https:\/\/www.quinoaetbasmati.fr\/#website\",\"url\":\"https:\/\/www.quinoaetbasmati.fr\/\",\"name\":\"Quinoa et Basmati\",\"description\":\"Tambouilles saines et gourmandes\",\"publisher\":{\"@id\":\"https:\/\/www.quinoaetbasmati.fr\/#organization\"},\"potentialAction\":[{\"@type\":\"SearchAction\",\"target\":{\"@type\":\"EntryPoint\",\"urlTemplate\":\"https:\/\/www.quinoaetbasmati.fr\/?s={search_term_string}\"},\"query-input\":{\"@type\":\"PropertyValueSpecification\",\"valueRequired\":true,\"valueName\":\"search_term_string\"}}],\"inLanguage\":\"fr-FR\"},{\"@type\":\"Organization\",\"@id\":\"https:\/\/www.quinoaetbasmati.fr\/#organization\",\"name\":\"Quinoa et Basmati\",\"url\":\"https:\/\/www.quinoaetbasmati.fr\/\",\"logo\":{\"@type\":\"ImageObject\",\"inLanguage\":\"fr-FR\",\"@id\":\"https:\/\/www.quinoaetbasmati.fr\/#\/schema\/logo\/image\/\",\"url\":\"https:\/\/www.quinoaetbasmati.fr\/wp-content\/uploads\/2018\/01\/cropped-27604279_10156154691158069_1209813160_o-4.jpg\",\"contentUrl\":\"https:\/\/www.quinoaetbasmati.fr\/wp-content\/uploads\/2018\/01\/cropped-27604279_10156154691158069_1209813160_o-4.jpg\",\"width\":455,\"height\":175,\"caption\":\"Quinoa et Basmati\"},\"image\":{\"@id\":\"https:\/\/www.quinoaetbasmati.fr\/#\/schema\/logo\/image\/\"}}]}<\/script>\n<!-- \/ Yoast SEO plugin. -->","yoast_head_json":{"title":"Fiches pratiques: le b.a-ba du sans gluten - Quinoa et Basmati","description":"6 fiches pratiques sur la cuisine sans gluten, \u00e0 imprimer et \u00e0 toujours avoir dans la cuisine!","robots":{"index":"index","follow":"follow","max-snippet":"max-snippet:-1","max-image-preview":"max-image-preview:large","max-video-preview":"max-video-preview:-1"},"canonical":"https:\/\/www.quinoaetbasmati.fr\/index.php\/produit\/fiches-pratiques-le-b-a-ba-du-sans-gluten\/","og_locale":"fr_FR","og_type":"article","og_title":"Fiches pratiques: le b.a-ba du sans gluten - Quinoa et Basmati","og_description":"6 fiches pratiques sur la cuisine sans gluten, \u00e0 imprimer et \u00e0 toujours avoir dans la cuisine!","og_url":"https:\/\/www.quinoaetbasmati.fr\/index.php\/produit\/fiches-pratiques-le-b-a-ba-du-sans-gluten\/","og_site_name":"Quinoa et Basmati","article_modified_time":"2020-11-13T10:46:23+00:00","og_image":[{"width":1414,"height":2000,"url":"https:\/\/www.quinoaetbasmati.fr\/wp-content\/uploads\/2020\/06\/Cuisiner-sans-gluten-1.jpg","type":"image\/jpeg"}],"twitter_card":"summary_large_image","schema":{"@context":"https:\/\/schema.org","@graph":[{"@type":"WebPage","@id":"https:\/\/www.quinoaetbasmati.fr\/index.php\/produit\/fiches-pratiques-le-b-a-ba-du-sans-gluten\/","url":"https:\/\/www.quinoaetbasmati.fr\/index.php\/produit\/fiches-pratiques-le-b-a-ba-du-sans-gluten\/","name":"Fiches pratiques: le b.a-ba du sans gluten - Quinoa et Basmati","isPartOf":{"@id":"https:\/\/www.quinoaetbasmati.fr\/#website"},"primaryImageOfPage":{"@id":"https:\/\/www.quinoaetbasmati.fr\/index.php\/produit\/fiches-pratiques-le-b-a-ba-du-sans-gluten\/#primaryimage"},"image":{"@id":"https:\/\/www.quinoaetbasmati.fr\/index.php\/produit\/fiches-pratiques-le-b-a-ba-du-sans-gluten\/#primaryimage"},"thumbnailUrl":"https:\/\/www.quinoaetbasmati.fr\/wp-content\/uploads\/2020\/06\/Cuisiner-sans-gluten-1.jpg","datePublished":"2020-06-18T05:20:36+00:00","dateModified":"2020-11-13T10:46:23+00:00","description":"6 fiches pratiques sur la cuisine sans gluten, \u00e0 imprimer et \u00e0 toujours avoir dans la cuisine!","breadcrumb":{"@id":"https:\/\/www.quinoaetbasmati.fr\/index.php\/produit\/fiches-pratiques-le-b-a-ba-du-sans-gluten\/#breadcrumb"},"inLanguage":"fr-FR","potentialAction":[{"@type":"ReadAction","target":["https:\/\/www.quinoaetbasmati.fr\/index.php\/produit\/fiches-pratiques-le-b-a-ba-du-sans-gluten\/"]}]},{"@type":"ImageObject","inLanguage":"fr-FR","@id":"https:\/\/www.quinoaetbasmati.fr\/index.php\/produit\/fiches-pratiques-le-b-a-ba-du-sans-gluten\/#primaryimage","url":"https:\/\/www.quinoaetbasmati.fr\/wp-content\/uploads\/2020\/06\/Cuisiner-sans-gluten-1.jpg","contentUrl":"https:\/\/www.quinoaetbasmati.fr\/wp-content\/uploads\/2020\/06\/Cuisiner-sans-gluten-1.jpg","width":1414,"height":2000,"caption":"cuisiner sans gluten"},{"@type":"BreadcrumbList","@id":"https:\/\/www.quinoaetbasmati.fr\/index.php\/produit\/fiches-pratiques-le-b-a-ba-du-sans-gluten\/#breadcrumb","itemListElement":[{"@type":"ListItem","position":1,"name":"Accueil","item":"https:\/\/www.quinoaetbasmati.fr\/"},{"@type":"ListItem","position":2,"name":"Fiches pratiques: le b.a-ba du sans gluten"}]},{"@type":"WebSite","@id":"https:\/\/www.quinoaetbasmati.fr\/#website","url":"https:\/\/www.quinoaetbasmati.fr\/","name":"Quinoa et Basmati","description":"Tambouilles saines et gourmandes","publisher":{"@id":"https:\/\/www.quinoaetbasmati.fr\/#organization"},"potentialAction":[{"@type":"SearchAction","target":{"@type":"EntryPoint","urlTemplate":"https:\/\/www.quinoaetbasmati.fr\/?s={search_term_string}"},"query-input":{"@type":"PropertyValueSpecification","valueRequired":true,"valueName":"search_term_string"}}],"inLanguage":"fr-FR"},{"@type":"Organization","@id":"https:\/\/www.quinoaetbasmati.fr\/#organization","name":"Quinoa et Basmati","url":"https:\/\/www.quinoaetbasmati.fr\/","logo":{"@type":"ImageObject","inLanguage":"fr-FR","@id":"https:\/\/www.quinoaetbasmati.fr\/#\/schema\/logo\/image\/","url":"https:\/\/www.quinoaetbasmati.fr\/wp-content\/uploads\/2018\/01\/cropped-27604279_10156154691158069_1209813160_o-4.jpg","contentUrl":"https:\/\/www.quinoaetbasmati.fr\/wp-content\/uploads\/2018\/01\/cropped-27604279_10156154691158069_1209813160_o-4.jpg","width":455,"height":175,"caption":"Quinoa et Basmati"},"image":{"@id":"https:\/\/www.quinoaetbasmati.fr\/#\/schema\/logo\/image\/"}}]}},"_links":{"self":[{"href":"https:\/\/www.quinoaetbasmati.fr\/index.php\/wp-json\/wp\/v2\/product\/6570","targetHints":{"allow":["GET"]}}],"collection":[{"href":"https:\/\/www.quinoaetbasmati.fr\/index.php\/wp-json\/wp\/v2\/product"}],"about":[{"href":"https:\/\/www.quinoaetbasmati.fr\/index.php\/wp-json\/wp\/v2\/types\/product"}],"replies":[{"embeddable":true,"href":"https:\/\/www.quinoaetbasmati.fr\/index.php\/wp-json\/wp\/v2\/comments?post=6570"}],"version-history":[{"count":0,"href":"https:\/\/www.quinoaetbasmati.fr\/index.php\/wp-json\/wp\/v2\/product\/6570\/revisions"}],"wp:featuredmedia":[{"embeddable":true,"href":"https:\/\/www.quinoaetbasmati.fr\/index.php\/wp-json\/wp\/v2\/media\/6579"}],"wp:attachment":[{"href":"https:\/\/www.quinoaetbasmati.fr\/index.php\/wp-json\/wp\/v2\/media?parent=6570"}],"wp:term":[{"taxonomy":"product_brand","embeddable":true,"href":"https:\/\/www.quinoaetbasmati.fr\/index.php\/wp-json\/wp\/v2\/product_brand?post=6570"},{"taxonomy":"product_cat","embeddable":true,"href":"https:\/\/www.quinoaetbasmati.fr\/index.php\/wp-json\/wp\/v2\/product_cat?post=6570"},{"taxonomy":"product_tag","embeddable":true,"href":"https:\/\/www.quinoaetbasmati.fr\/index.php\/wp-json\/wp\/v2\/product_tag?post=6570"}],"curies":[{"name":"wp","href":"https:\/\/api.w.org\/{rel}","templated":true}]}}