{"id":6816,"date":"2020-07-13T07:13:46","date_gmt":"2020-07-13T05:13:46","guid":{"rendered":"https:\/\/www.quinoaetbasmati.fr\/?post_type=product&#038;p=6816"},"modified":"2022-02-01T10:04:12","modified_gmt":"2022-02-01T09:04:12","slug":"pack-de-ebooks-sains-et-gourmands","status":"publish","type":"product","link":"https:\/\/www.quinoaetbasmati.fr\/index.php\/produit\/pack-de-ebooks-sains-et-gourmands\/","title":{"rendered":"Pack int\u00e9gral eBooks sains et gourmands"},"content":{"rendered":"<p><span style=\"font-size: 12pt; font-family: 'times new roman', times, serif;\"><strong>Mon alimentation d\u00e9cal\u00e9e\u00a0<\/strong><\/span><\/p>\n<p><span style=\"font-size: 12pt; font-family: 'times new roman', times, serif;\">J\u2019ai con\u00e7u ce petit guide comme l\u2019outil que j\u2019aurais aim\u00e9 avoir quand j\u2019ai entrepris ma d\u00e9marche de changement d\u2019alimentation.<\/span><\/p>\n<p><span style=\"font-size: 12pt; font-family: 'times new roman', times, serif;\">Dedans vous trouverez plein d\u2019infos et conseils pratiques pour une transition r\u00e9ussie, mes recettes\u00a0b a-ba de la cuisine \u201csans\u201d, une semaine de menus et m\u00eame des exercices bien \u00eatre!<\/span><\/p>\n<p>&nbsp;<\/p>\n<p><span style=\"font-size: 12pt; font-family: 'times new roman', times, serif;\"><strong>Pas si tarte!<\/strong><\/span><\/p>\n<p><span style=\"font-size: 12pt; font-family: 'times new roman', times, serif;\">Tous mes petits secrets pour r\u00e9ussir une p\u00e2te \u00e0 tarte sans gluten ainsi que 12 recettes de d\u00e9licieuses tartes sucr\u00e9es et sal\u00e9es sans gluten et sans produits laitiers.<\/span><\/p>\n<p>&nbsp;<\/p>\n<p><span style=\"font-size: 12pt; font-family: 'times new roman', times, serif;\"><strong>Carnet de Cookies<\/strong><\/span><\/p>\n<p><span style=\"font-size: 12pt; font-family: 'times new roman', times, serif;\">Me voil\u00e0 aujourd\u2019hui avec tout un \u201ccarnet de cookies\u201d: une<\/span><br \/>\n<span style=\"font-size: 12pt; font-family: 'times new roman', times, serif;\">farandole de farines sans gluten, des recettes pal\u00e9os, fruit\u00e9es,<\/span><br \/>\n<span style=\"font-size: 12pt; font-family: 'times new roman', times, serif;\">chocolat\u00e9es, v\u00e9gans etc, que je partage avec plaisir avec les<\/span><br \/>\n<span style=\"font-size: 12pt; font-family: 'times new roman', times, serif;\">gourmands que vous \u00eates.<\/span><\/p>\n<p>&nbsp;<\/p>\n<p><span style=\"font-size: 12pt; font-family: 'times new roman', times, serif;\"><strong>Et que \u00e7a saute!<\/strong><\/span><\/p>\n<p><span style=\"font-size: 12pt; font-family: 'times new roman', times, serif;\">Aujourd\u2019hui j\u2019ai une multitude de recettes de cr\u00eapes et pancakes plus gourmandes les unes que les autres!<\/span><\/p>\n<p><span style=\"font-size: 12pt; font-family: 'times new roman', times, serif;\">J\u2019ai compil\u00e9 ces recettes dans un eBook, ainsi que celles de mes tartinades favorites, pour que vous puissiez vous aussi faire sauter vos po\u00eales \u00e0 cr\u00eapes en sant\u00e9!<\/span><\/p>\n<p>&nbsp;<\/p>\n<p><span style=\"font-size: 12pt; font-family: 'times new roman', times, serif;\"><strong>A emporter!<\/strong><\/span><\/p>\n<p class=\"_04xlpA direction-ltr align-start para-style-body\"><span class=\"JsGRdQ\" style=\"font-size: 12pt; font-family: 'times new roman', times, serif;\">Exit les sandwichs au pain blanc, les chips et autres r\u00e9jouissances \u00e0 manger sur le pouce\u2026<\/span><\/p>\n<p class=\"_04xlpA direction-ltr align-start para-style-body\"><span class=\"JsGRdQ\" style=\"font-size: 12pt; font-family: 'times new roman', times, serif;\">Bonjour les wraps maison, les salades color\u00e9es et les snacks sucr\u00e9s en bocaux!<\/span><\/p>\n<p class=\"_04xlpA direction-ltr align-start para-style-body\"><span class=\"JsGRdQ\" style=\"font-size: 12pt; font-family: 'times new roman', times, serif;\">Je ne me suis jamais autant amus\u00e9e qu\u2019aujourd\u2019hui \u00e0 concocter de belles lunchboxes et je vous livre ici tous mes secrets pour des tambouilles \u00e0 emporter saines et gourmandes!<\/span><\/p>\n<p>&nbsp;<\/p>\n<p><span style=\"font-family: 'times new roman', times, serif; font-size: 12pt;\"><strong>Let&rsquo;s brunch!<\/strong><\/span><\/p>\n<p><span style=\"font-family: 'times new roman', times, serif; font-size: 12pt;\">Des tambouilles sucr\u00e9es, des tambouilles sal\u00e9es, des boissons sympas\u2026et tout \u00e7a dans un seul et m\u00eame repas!<\/span><\/p>\n<p><span style=\"font-family: 'times new roman', times, serif; font-size: 12pt;\">Les brunchs du dimanche me permettent de laisser libre cours \u00e0 mon imagination et de r\u00e9unir sur la table mes saveurs pr\u00e9f\u00e9r\u00e9es.<\/span><\/p>\n<p><span style=\"font-family: 'times new roman', times, serif; font-size: 12pt;\">Dans cet eBook, je partage avec vous mes id\u00e9es pour des brunchs sains et gourmands, de quoi vous r\u00e9galer et \u00e9pater vos invit\u00e9s du dimanche!<\/span><\/p>\n","protected":false},"excerpt":{"rendered":"<p>Mon alimentation d\u00e9cal\u00e9e\u00a0 J\u2019ai con\u00e7u ce petit guide comme l\u2019outil que j\u2019aurais aim\u00e9 avoir quand j\u2019ai entrepris ma d\u00e9marche de changement d\u2019alimentation. Dedans vous trouverez plein d\u2019infos et conseils pratiques pour une transition r\u00e9ussie, mes recettes\u00a0b a-ba de la cuisine \u201csans\u201d, une semaine de menus [&hellip;]<\/p>\n","protected":false},"featured_media":6906,"comment_status":"open","ping_status":"closed","template":"","meta":[],"product_brand":[],"product_cat":[1135],"product_tag":[1738,1944,1822,1733,1823,1945,1143,1922,1144,1946,1142,1864],"class_list":{"0":"post-6816","1":"product","2":"type-product","3":"status-publish","4":"has-post-thumbnail","6":"product_cat-les-ebooks","7":"product_tag-alimentation","8":"product_tag-ebooks","9":"product_tag-healthy","10":"product_tag-hypotoxique","11":"product_tag-recettes","12":"product_tag-saines","13":"product_tag-sansgluten","14":"product_tag-sanslactose","15":"product_tag-sanslait","16":"product_tag-sanssucresraffines","17":"product_tag-seignalet","18":"product_tag-vegan","20":"first","21":"instock","22":"featured","23":"downloadable","24":"virtual","25":"taxable","26":"purchasable","27":"product-type-simple"},"yoast_head":"<!-- This site is optimized with the Yoast SEO plugin v24.4 - https:\/\/yoast.com\/wordpress\/plugins\/seo\/ -->\n<title>Pack int\u00e9gral eBooks sains et gourmands - Quinoa et Basmati<\/title>\n<meta name=\"description\" content=\"eBooks de recettes saines et gourmandes, sans gluten, sans produits laitiers et sans sucres raffin\u00e9s, plats sucr\u00e9s et sal\u00e9s\" \/>\n<meta name=\"robots\" content=\"index, follow, max-snippet:-1, max-image-preview:large, max-video-preview:-1\" \/>\n<link rel=\"canonical\" href=\"https:\/\/www.quinoaetbasmati.fr\/index.php\/produit\/pack-de-ebooks-sains-et-gourmands\/\" \/>\n<meta property=\"og:locale\" content=\"fr_FR\" \/>\n<meta property=\"og:type\" content=\"article\" \/>\n<meta property=\"og:title\" content=\"Pack int\u00e9gral eBooks sains et gourmands - Quinoa et Basmati\" \/>\n<meta property=\"og:description\" content=\"eBooks de recettes saines et gourmandes, sans gluten, sans produits laitiers et sans sucres raffin\u00e9s, plats sucr\u00e9s et sal\u00e9s\" \/>\n<meta property=\"og:url\" content=\"https:\/\/www.quinoaetbasmati.fr\/index.php\/produit\/pack-de-ebooks-sains-et-gourmands\/\" \/>\n<meta property=\"og:site_name\" content=\"Quinoa et Basmati\" \/>\n<meta property=\"article:modified_time\" content=\"2022-02-01T09:04:12+00:00\" \/>\n<meta property=\"og:image\" content=\"https:\/\/www.quinoaetbasmati.fr\/wp-content\/uploads\/2020\/07\/pack-int\u00e9gral.jpg\" \/>\n\t<meta property=\"og:image:width\" content=\"2000\" \/>\n\t<meta property=\"og:image:height\" content=\"1600\" \/>\n\t<meta property=\"og:image:type\" content=\"image\/jpeg\" \/>\n<meta name=\"twitter:card\" content=\"summary_large_image\" \/>\n<meta name=\"twitter:label1\" content=\"Dur\u00e9e de lecture estim\u00e9e\" \/>\n\t<meta name=\"twitter:data1\" content=\"2 minutes\" \/>\n<script type=\"application\/ld+json\" class=\"yoast-schema-graph\">{\"@context\":\"https:\/\/schema.org\",\"@graph\":[{\"@type\":\"WebPage\",\"@id\":\"https:\/\/www.quinoaetbasmati.fr\/index.php\/produit\/pack-de-ebooks-sains-et-gourmands\/\",\"url\":\"https:\/\/www.quinoaetbasmati.fr\/index.php\/produit\/pack-de-ebooks-sains-et-gourmands\/\",\"name\":\"Pack int\u00e9gral eBooks sains et gourmands - Quinoa et Basmati\",\"isPartOf\":{\"@id\":\"https:\/\/www.quinoaetbasmati.fr\/#website\"},\"primaryImageOfPage\":{\"@id\":\"https:\/\/www.quinoaetbasmati.fr\/index.php\/produit\/pack-de-ebooks-sains-et-gourmands\/#primaryimage\"},\"image\":{\"@id\":\"https:\/\/www.quinoaetbasmati.fr\/index.php\/produit\/pack-de-ebooks-sains-et-gourmands\/#primaryimage\"},\"thumbnailUrl\":\"https:\/\/www.quinoaetbasmati.fr\/wp-content\/uploads\/2020\/07\/pack-int\u00e9gral.jpg\",\"datePublished\":\"2020-07-13T05:13:46+00:00\",\"dateModified\":\"2022-02-01T09:04:12+00:00\",\"description\":\"eBooks de recettes saines et gourmandes, sans gluten, sans produits laitiers et sans sucres raffin\u00e9s, plats sucr\u00e9s et sal\u00e9s\",\"breadcrumb\":{\"@id\":\"https:\/\/www.quinoaetbasmati.fr\/index.php\/produit\/pack-de-ebooks-sains-et-gourmands\/#breadcrumb\"},\"inLanguage\":\"fr-FR\",\"potentialAction\":[{\"@type\":\"ReadAction\",\"target\":[\"https:\/\/www.quinoaetbasmati.fr\/index.php\/produit\/pack-de-ebooks-sains-et-gourmands\/\"]}]},{\"@type\":\"ImageObject\",\"inLanguage\":\"fr-FR\",\"@id\":\"https:\/\/www.quinoaetbasmati.fr\/index.php\/produit\/pack-de-ebooks-sains-et-gourmands\/#primaryimage\",\"url\":\"https:\/\/www.quinoaetbasmati.fr\/wp-content\/uploads\/2020\/07\/pack-int\u00e9gral.jpg\",\"contentUrl\":\"https:\/\/www.quinoaetbasmati.fr\/wp-content\/uploads\/2020\/07\/pack-int\u00e9gral.jpg\",\"width\":2000,\"height\":1600,\"caption\":\"ebooks de recettes saines\"},{\"@type\":\"BreadcrumbList\",\"@id\":\"https:\/\/www.quinoaetbasmati.fr\/index.php\/produit\/pack-de-ebooks-sains-et-gourmands\/#breadcrumb\",\"itemListElement\":[{\"@type\":\"ListItem\",\"position\":1,\"name\":\"Accueil\",\"item\":\"https:\/\/www.quinoaetbasmati.fr\/\"},{\"@type\":\"ListItem\",\"position\":2,\"name\":\"Pack int\u00e9gral eBooks sains et gourmands\"}]},{\"@type\":\"WebSite\",\"@id\":\"https:\/\/www.quinoaetbasmati.fr\/#website\",\"url\":\"https:\/\/www.quinoaetbasmati.fr\/\",\"name\":\"Quinoa et Basmati\",\"description\":\"Tambouilles saines et gourmandes\",\"publisher\":{\"@id\":\"https:\/\/www.quinoaetbasmati.fr\/#organization\"},\"potentialAction\":[{\"@type\":\"SearchAction\",\"target\":{\"@type\":\"EntryPoint\",\"urlTemplate\":\"https:\/\/www.quinoaetbasmati.fr\/?s={search_term_string}\"},\"query-input\":{\"@type\":\"PropertyValueSpecification\",\"valueRequired\":true,\"valueName\":\"search_term_string\"}}],\"inLanguage\":\"fr-FR\"},{\"@type\":\"Organization\",\"@id\":\"https:\/\/www.quinoaetbasmati.fr\/#organization\",\"name\":\"Quinoa et Basmati\",\"url\":\"https:\/\/www.quinoaetbasmati.fr\/\",\"logo\":{\"@type\":\"ImageObject\",\"inLanguage\":\"fr-FR\",\"@id\":\"https:\/\/www.quinoaetbasmati.fr\/#\/schema\/logo\/image\/\",\"url\":\"https:\/\/www.quinoaetbasmati.fr\/wp-content\/uploads\/2018\/01\/cropped-27604279_10156154691158069_1209813160_o-4.jpg\",\"contentUrl\":\"https:\/\/www.quinoaetbasmati.fr\/wp-content\/uploads\/2018\/01\/cropped-27604279_10156154691158069_1209813160_o-4.jpg\",\"width\":455,\"height\":175,\"caption\":\"Quinoa et Basmati\"},\"image\":{\"@id\":\"https:\/\/www.quinoaetbasmati.fr\/#\/schema\/logo\/image\/\"}}]}<\/script>\n<!-- \/ Yoast SEO plugin. -->","yoast_head_json":{"title":"Pack int\u00e9gral eBooks sains et gourmands - Quinoa et Basmati","description":"eBooks de recettes saines et gourmandes, sans gluten, sans produits laitiers et sans sucres raffin\u00e9s, plats sucr\u00e9s et sal\u00e9s","robots":{"index":"index","follow":"follow","max-snippet":"max-snippet:-1","max-image-preview":"max-image-preview:large","max-video-preview":"max-video-preview:-1"},"canonical":"https:\/\/www.quinoaetbasmati.fr\/index.php\/produit\/pack-de-ebooks-sains-et-gourmands\/","og_locale":"fr_FR","og_type":"article","og_title":"Pack int\u00e9gral eBooks sains et gourmands - Quinoa et Basmati","og_description":"eBooks de recettes saines et gourmandes, sans gluten, sans produits laitiers et sans sucres raffin\u00e9s, plats sucr\u00e9s et sal\u00e9s","og_url":"https:\/\/www.quinoaetbasmati.fr\/index.php\/produit\/pack-de-ebooks-sains-et-gourmands\/","og_site_name":"Quinoa et Basmati","article_modified_time":"2022-02-01T09:04:12+00:00","og_image":[{"width":2000,"height":1600,"url":"https:\/\/www.quinoaetbasmati.fr\/wp-content\/uploads\/2020\/07\/pack-int\u00e9gral.jpg","type":"image\/jpeg"}],"twitter_card":"summary_large_image","twitter_misc":{"Dur\u00e9e de lecture estim\u00e9e":"2 minutes"},"schema":{"@context":"https:\/\/schema.org","@graph":[{"@type":"WebPage","@id":"https:\/\/www.quinoaetbasmati.fr\/index.php\/produit\/pack-de-ebooks-sains-et-gourmands\/","url":"https:\/\/www.quinoaetbasmati.fr\/index.php\/produit\/pack-de-ebooks-sains-et-gourmands\/","name":"Pack int\u00e9gral eBooks sains et gourmands - Quinoa et Basmati","isPartOf":{"@id":"https:\/\/www.quinoaetbasmati.fr\/#website"},"primaryImageOfPage":{"@id":"https:\/\/www.quinoaetbasmati.fr\/index.php\/produit\/pack-de-ebooks-sains-et-gourmands\/#primaryimage"},"image":{"@id":"https:\/\/www.quinoaetbasmati.fr\/index.php\/produit\/pack-de-ebooks-sains-et-gourmands\/#primaryimage"},"thumbnailUrl":"https:\/\/www.quinoaetbasmati.fr\/wp-content\/uploads\/2020\/07\/pack-int\u00e9gral.jpg","datePublished":"2020-07-13T05:13:46+00:00","dateModified":"2022-02-01T09:04:12+00:00","description":"eBooks de recettes saines et gourmandes, sans gluten, sans produits laitiers et sans sucres raffin\u00e9s, plats sucr\u00e9s et sal\u00e9s","breadcrumb":{"@id":"https:\/\/www.quinoaetbasmati.fr\/index.php\/produit\/pack-de-ebooks-sains-et-gourmands\/#breadcrumb"},"inLanguage":"fr-FR","potentialAction":[{"@type":"ReadAction","target":["https:\/\/www.quinoaetbasmati.fr\/index.php\/produit\/pack-de-ebooks-sains-et-gourmands\/"]}]},{"@type":"ImageObject","inLanguage":"fr-FR","@id":"https:\/\/www.quinoaetbasmati.fr\/index.php\/produit\/pack-de-ebooks-sains-et-gourmands\/#primaryimage","url":"https:\/\/www.quinoaetbasmati.fr\/wp-content\/uploads\/2020\/07\/pack-int\u00e9gral.jpg","contentUrl":"https:\/\/www.quinoaetbasmati.fr\/wp-content\/uploads\/2020\/07\/pack-int\u00e9gral.jpg","width":2000,"height":1600,"caption":"ebooks de recettes saines"},{"@type":"BreadcrumbList","@id":"https:\/\/www.quinoaetbasmati.fr\/index.php\/produit\/pack-de-ebooks-sains-et-gourmands\/#breadcrumb","itemListElement":[{"@type":"ListItem","position":1,"name":"Accueil","item":"https:\/\/www.quinoaetbasmati.fr\/"},{"@type":"ListItem","position":2,"name":"Pack int\u00e9gral eBooks sains et gourmands"}]},{"@type":"WebSite","@id":"https:\/\/www.quinoaetbasmati.fr\/#website","url":"https:\/\/www.quinoaetbasmati.fr\/","name":"Quinoa et Basmati","description":"Tambouilles saines et gourmandes","publisher":{"@id":"https:\/\/www.quinoaetbasmati.fr\/#organization"},"potentialAction":[{"@type":"SearchAction","target":{"@type":"EntryPoint","urlTemplate":"https:\/\/www.quinoaetbasmati.fr\/?s={search_term_string}"},"query-input":{"@type":"PropertyValueSpecification","valueRequired":true,"valueName":"search_term_string"}}],"inLanguage":"fr-FR"},{"@type":"Organization","@id":"https:\/\/www.quinoaetbasmati.fr\/#organization","name":"Quinoa et Basmati","url":"https:\/\/www.quinoaetbasmati.fr\/","logo":{"@type":"ImageObject","inLanguage":"fr-FR","@id":"https:\/\/www.quinoaetbasmati.fr\/#\/schema\/logo\/image\/","url":"https:\/\/www.quinoaetbasmati.fr\/wp-content\/uploads\/2018\/01\/cropped-27604279_10156154691158069_1209813160_o-4.jpg","contentUrl":"https:\/\/www.quinoaetbasmati.fr\/wp-content\/uploads\/2018\/01\/cropped-27604279_10156154691158069_1209813160_o-4.jpg","width":455,"height":175,"caption":"Quinoa et Basmati"},"image":{"@id":"https:\/\/www.quinoaetbasmati.fr\/#\/schema\/logo\/image\/"}}]}},"_links":{"self":[{"href":"https:\/\/www.quinoaetbasmati.fr\/index.php\/wp-json\/wp\/v2\/product\/6816","targetHints":{"allow":["GET"]}}],"collection":[{"href":"https:\/\/www.quinoaetbasmati.fr\/index.php\/wp-json\/wp\/v2\/product"}],"about":[{"href":"https:\/\/www.quinoaetbasmati.fr\/index.php\/wp-json\/wp\/v2\/types\/product"}],"replies":[{"embeddable":true,"href":"https:\/\/www.quinoaetbasmati.fr\/index.php\/wp-json\/wp\/v2\/comments?post=6816"}],"version-history":[{"count":1,"href":"https:\/\/www.quinoaetbasmati.fr\/index.php\/wp-json\/wp\/v2\/product\/6816\/revisions"}],"predecessor-version":[{"id":6907,"href":"https:\/\/www.quinoaetbasmati.fr\/index.php\/wp-json\/wp\/v2\/product\/6816\/revisions\/6907"}],"wp:featuredmedia":[{"embeddable":true,"href":"https:\/\/www.quinoaetbasmati.fr\/index.php\/wp-json\/wp\/v2\/media\/6906"}],"wp:attachment":[{"href":"https:\/\/www.quinoaetbasmati.fr\/index.php\/wp-json\/wp\/v2\/media?parent=6816"}],"wp:term":[{"taxonomy":"product_brand","embeddable":true,"href":"https:\/\/www.quinoaetbasmati.fr\/index.php\/wp-json\/wp\/v2\/product_brand?post=6816"},{"taxonomy":"product_cat","embeddable":true,"href":"https:\/\/www.quinoaetbasmati.fr\/index.php\/wp-json\/wp\/v2\/product_cat?post=6816"},{"taxonomy":"product_tag","embeddable":true,"href":"https:\/\/www.quinoaetbasmati.fr\/index.php\/wp-json\/wp\/v2\/product_tag?post=6816"}],"curies":[{"name":"wp","href":"https:\/\/api.w.org\/{rel}","templated":true}]}}